{"id":513,"date":"2023-06-26T13:20:16","date_gmt":"2023-06-26T18:20:16","guid":{"rendered":"https:\/\/wordpress-972860-4312768.cloudwaysapps.com\/?page_id=513"},"modified":"2023-12-31T11:41:07","modified_gmt":"2023-12-31T17:41:07","slug":"aviso-de-privacidad","status":"publish","type":"page","link":"https:\/\/secretsforhealth.com\/en\/aviso-de-privacidad\/","title":{"rendered":"Privacy notice"},"content":{"rendered":"<div data-elementor-type=\"wp-page\" data-elementor-id=\"513\" class=\"elementor elementor-513\" data-elementor-post-type=\"page\">\n\t\t\t\t\t\t<section class=\"elementor-section elementor-top-section elementor-element elementor-element-fb34768 elementor-section-boxed elementor-section-height-default elementor-section-height-default\" data-id=\"fb34768\" data-element_type=\"section\" data-e-type=\"section\" data-settings=\"{&quot;background_background&quot;:&quot;gradient&quot;}\">\n\t\t\t\t\t\t<div class=\"elementor-container elementor-column-gap-default\">\n\t\t\t\t\t<div class=\"elementor-column elementor-col-100 elementor-top-column elementor-element elementor-element-4d8cc94\" data-id=\"4d8cc94\" data-element_type=\"column\" data-e-type=\"column\">\n\t\t\t<div class=\"elementor-widget-wrap elementor-element-populated\">\n\t\t\t\t\t\t<div class=\"elementor-element elementor-element-2c86e97 elementor-widget elementor-widget-heading\" data-id=\"2c86e97\" data-element_type=\"widget\" data-e-type=\"widget\" data-widget_type=\"heading.default\">\n\t\t\t\t<div class=\"elementor-widget-container\">\n\t\t\t\t\t<h2 class=\"elementor-heading-title elementor-size-default\">Privacy notice<\/h2>\t\t\t\t<\/div>\n\t\t\t\t<\/div>\n\t\t\t\t<section class=\"elementor-section elementor-inner-section elementor-element elementor-element-93b58ef elementor-section-boxed elementor-section-height-default elementor-section-height-default\" data-id=\"93b58ef\" data-element_type=\"section\" data-e-type=\"section\" data-settings=\"{&quot;background_background&quot;:&quot;classic&quot;}\">\n\t\t\t\t\t\t\t<div class=\"elementor-background-overlay\"><\/div>\n\t\t\t\t\t\t\t<div class=\"elementor-container elementor-column-gap-default\">\n\t\t\t\t\t<div class=\"elementor-column elementor-col-100 elementor-inner-column elementor-element elementor-element-e8bfba6\" data-id=\"e8bfba6\" data-element_type=\"column\" data-e-type=\"column\">\n\t\t\t<div class=\"elementor-widget-wrap elementor-element-populated\">\n\t\t\t\t\t\t<div class=\"elementor-element elementor-element-f08560d elementor-widget elementor-widget-text-editor\" data-id=\"f08560d\" data-element_type=\"widget\" data-e-type=\"widget\" data-widget_type=\"text-editor.default\">\n\t\t\t\t<div class=\"elementor-widget-container\">\n\t\t\t\t\t\t\t\t\t<p><strong>Privacy policy<\/strong> <br \/>Secrets for health takes your privacy seriously. This privacy policy describes what personal information we collect and how we use it.<\/p><p><strong>ROUTINE INFORMATION COLLECTION<\/strong> <br \/>All web servers track basic information about their visitors. This information includes, but is not limited to, IP addresses, browser details, timestamps and referring pages. None of this information can personally identify specific visitors to this site. The information is tracked for routine administration and maintenance purposes.<\/p><p><strong>COOKIES Y WEB BEACONS<\/strong> <br \/>Where necessary, Secrets for health uses cookies to store information about a visitor\u2019s preferences and history in order to better serve the visitor and\/or present the visitor with customized content. Advertising partners and other third parties may also use cookies, scripts and\/or web beacons to track visitors to our site in order to display advertisements and other useful information. Such tracking is done directly by the third parties through their own servers and is subject to their own privacy policies.<\/p><p><strong>CONTROLLING YOUR PRIVACY<\/strong> <br \/>Note that you can change your browser settings to disable cookies if you have privacy concerns. Disabling cookies for all sites is not recommended as it may interfere with your use of some sites. The best option is to disable or enable cookies on a per-site basis. Consult your browser documentation for instructions on how to block cookies and other tracking mechanisms.<\/p><p><strong>SPECIAL NOTE ABOUT GOOGLE ADVERTISING<\/strong> <br \/>Any advertisements served by Google, Inc., and affiliated companies may be controlled using cookies. These cookies allow Google to display ads based on your visits to this site and other sites that use Google advertising services. Learn how to opt out of Google\u2019s cookie usage. As mentioned above, any tracking done by Google through cookies and other mechanisms is subject to Google\u2019s own privacy policies.<\/p><p><strong>UNSUBSCRIBE OR OPT-OUT<\/strong> <br \/>All users and\/or visitors to our website have the option to discontinue receiving communication from us and\/or reserve the right to discontinue receiving communications by way of email or newsletters. To discontinue or unsubscribe to our website please send an email that you wish to the email on our website. If you wish to unsubscribe or opt-out from any third-party websites, you must go to that specific website to unsubscribe and\/or opt-out.<\/p><p><strong>LINKS TO OTHER WEB SITES<\/strong> <br \/>Secrets for health does not claim nor accept responsibility for any privacy policies, practices and\/or procedures of other such websites. Therefore, we encourage all users and visitors to be aware when they leave our website and to read the privacy statements of each and every website that collects personally identifiable information. The aforementioned Privacy Policy agreement applies only and solely to the information collected by our website.<\/p><p><strong>Security<\/strong> <br \/>Secrets for health shall endeavor and shall take every precaution to maintain adequate physical, procedural and technical security with respect to its offices and information storage facilities so as to prevent any loss, misuse, unauthorized access, disclosure or modification of the user\u2019s personal information under our control.<\/p><p><strong>ACCEPTANCE OF TERMS<\/strong> <br \/>Through the use of this website, you are hereby accepting the terms and conditions stipulated within the aforementioned Privacy Policy agreement. If you are not in agreement with our terms and conditions, then you should refrain from further use of our sites. In addition, your continued use of our website following the posting of any updates or changes to our terms and conditions shall mean that you are in agreement and acceptance of such changes.<\/p><p><strong>HOW TO CONTACT US<\/strong> <br \/>If you have any questions or concerns regarding the Privacy Policy Agreement related to our website, please feel free to contact us at the following email address.<\/p>\t\t\t\t\t\t\t\t<\/div>\n\t\t\t\t<\/div>\n\t\t\t\t<div class=\"elementor-element elementor-element-933c9e0 elementor-widget-divider--view-line elementor-widget elementor-widget-divider\" data-id=\"933c9e0\" data-element_type=\"widget\" data-e-type=\"widget\" data-widget_type=\"divider.default\">\n\t\t\t\t<div class=\"elementor-widget-container\">\n\t\t\t\t\t\t\t<div class=\"elementor-divider\">\n\t\t\t<span class=\"elementor-divider-separator\">\n\t\t\t\t\t\t<\/span>\n\t\t<\/div>\n\t\t\t\t\t\t<\/div>\n\t\t\t\t<\/div>\n\t\t\t\t<div class=\"elementor-element elementor-element-2dc25e5 elementor-widget elementor-widget-heading\" data-id=\"2dc25e5\" data-element_type=\"widget\" data-e-type=\"widget\" data-widget_type=\"heading.default\">\n\t\t\t\t<div class=\"elementor-widget-container\">\n\t\t\t\t\t<h2 class=\"elementor-heading-title elementor-size-default\">CBCP3 Mariana Guerrero<\/h2>\t\t\t\t<\/div>\n\t\t\t\t<\/div>\n\t\t\t\t\t<\/div>\n\t\t<\/div>\n\t\t\t\t\t<\/div>\n\t\t<\/section>\n\t\t\t\t\t<\/div>\n\t\t<\/div>\n\t\t\t\t\t<\/div>\n\t\t<\/section>\n\t\t\t\t<\/div>","protected":false},"excerpt":{"rendered":"<p>Aviso de privacidad POL\u00cdTICA DE PRIVACIDAD Secrets for Health se toma en serio tu privacidad. Esta pol\u00edtica de privacidad describe la informaci\u00f3n personal que recopilamos y c\u00f3mo la utilizamos. RECOLECCI\u00d3N DE INFORMACI\u00d3N DE RUTINA Todos los servidores web recopilan informaci\u00f3n b\u00e1sica sobre sus visitantes. Esta informaci\u00f3n incluye, pero no se limita a, direcciones IP, detalles [&hellip;]<\/p>\n","protected":false},"author":5,"featured_media":0,"parent":0,"menu_order":0,"comment_status":"closed","ping_status":"closed","template":"","meta":{"nf_dc_page":"","site-sidebar-layout":"no-sidebar","site-content-layout":"page-builder","ast-site-content-layout":"default","site-content-style":"default","site-sidebar-style":"default","ast-global-header-display":"","ast-banner-title-visibility":"","ast-main-header-display":"","ast-hfb-above-header-display":"","ast-hfb-below-header-display":"","ast-hfb-mobile-header-display":"","site-post-title":"disabled","ast-breadcrumbs-content":"","ast-featured-img":"disabled","footer-sml-layout":"","ast-disable-related-posts":"","theme-transparent-header-meta":"","adv-header-id-meta":"","stick-header-meta":"","header-above-stick-meta":"","header-main-stick-meta":"","header-below-stick-meta":"","astra-migrate-meta-layouts":"default","ast-page-background-enabled":"default","ast-page-background-meta":{"desktop":{"background-color":"var(--ast-global-color-4)","background-image":"","background-repeat":"repeat","background-position":"center center","background-size":"auto","background-attachment":"scroll","background-type":"","background-media":"","overlay-type":"","overlay-color":"","overlay-opacity":"","overlay-gradient":""},"tablet":{"background-color":"","background-image":"","background-repeat":"repeat","background-position":"center center","background-size":"auto","background-attachment":"scroll","background-type":"","background-media":"","overlay-type":"","overlay-color":"","overlay-opacity":"","overlay-gradient":""},"mobile":{"background-color":"","background-image":"","background-repeat":"repeat","background-position":"center center","background-size":"auto","background-attachment":"scroll","background-type":"","background-media":"","overlay-type":"","overlay-color":"","overlay-opacity":"","overlay-gradient":""}},"ast-content-background-meta":{"desktop":{"background-color":"var(--ast-global-color-5)","background-image":"","background-repeat":"repeat","background-position":"center center","background-size":"auto","background-attachment":"scroll","background-type":"","background-media":"","overlay-type":"","overlay-color":"","overlay-opacity":"","overlay-gradient":""},"tablet":{"background-color":"var(--ast-global-color-5)","background-image":"","background-repeat":"repeat","background-position":"center center","background-size":"auto","background-attachment":"scroll","background-type":"","background-media":"","overlay-type":"","overlay-color":"","overlay-opacity":"","overlay-gradient":""},"mobile":{"background-color":"var(--ast-global-color-5)","background-image":"","background-repeat":"repeat","background-position":"center center","background-size":"auto","background-attachment":"scroll","background-type":"","background-media":"","overlay-type":"","overlay-color":"","overlay-opacity":"","overlay-gradient":""}},"footnotes":""},"class_list":["post-513","page","type-page","status-publish","hentry"],"yoast_head":"<!-- This site is optimized with the Yoast SEO plugin v27.4 - https:\/\/yoast.com\/product\/yoast-seo-wordpress\/ -->\n<title>Aviso de privacidad - Mariana Guerrero G<\/title>\n<meta name=\"description\" content=\"This privacy policy describes what personal information we collect and how we use it.\" \/>\n<meta name=\"robots\" content=\"index, follow, max-snippet:-1, max-image-preview:large, max-video-preview:-1\" \/>\n<link rel=\"canonical\" href=\"https:\/\/secretsforhealth.com\/en\/aviso-de-privacidad\/\" \/>\n<meta property=\"og:locale\" content=\"en_US\" \/>\n<meta property=\"og:type\" content=\"article\" \/>\n<meta property=\"og:title\" content=\"Aviso de privacidad - Mariana Guerrero G\" \/>\n<meta property=\"og:description\" content=\"This privacy policy describes what personal information we collect and how we use it.\" \/>\n<meta property=\"og:url\" content=\"https:\/\/secretsforhealth.com\/en\/aviso-de-privacidad\/\" \/>\n<meta property=\"og:site_name\" content=\"Mariana Guerrero G\" \/>\n<meta property=\"article:modified_time\" content=\"2023-12-31T17:41:07+00:00\" \/>\n<meta name=\"twitter:card\" content=\"summary_large_image\" \/>\n<meta name=\"twitter:label1\" content=\"Est. reading time\" \/>\n\t<meta name=\"twitter:data1\" content=\"4 minutes\" \/>\n<script type=\"application\/ld+json\" class=\"yoast-schema-graph\">{\"@context\":\"https:\\\/\\\/schema.org\",\"@graph\":[{\"@type\":\"WebPage\",\"@id\":\"https:\\\/\\\/secretsforhealth.com\\\/aviso-de-privacidad\\\/\",\"url\":\"https:\\\/\\\/secretsforhealth.com\\\/aviso-de-privacidad\\\/\",\"name\":\"Aviso de privacidad - Mariana Guerrero G\",\"isPartOf\":{\"@id\":\"https:\\\/\\\/secretsforhealth.com\\\/#website\"},\"datePublished\":\"2023-06-26T18:20:16+00:00\",\"dateModified\":\"2023-12-31T17:41:07+00:00\",\"description\":\"This privacy policy describes what personal information we collect and how we use it.\",\"breadcrumb\":{\"@id\":\"https:\\\/\\\/secretsforhealth.com\\\/aviso-de-privacidad\\\/#breadcrumb\"},\"inLanguage\":\"en-US\",\"potentialAction\":[{\"@type\":\"ReadAction\",\"target\":[\"https:\\\/\\\/secretsforhealth.com\\\/aviso-de-privacidad\\\/\"]}]},{\"@type\":\"BreadcrumbList\",\"@id\":\"https:\\\/\\\/secretsforhealth.com\\\/aviso-de-privacidad\\\/#breadcrumb\",\"itemListElement\":[{\"@type\":\"ListItem\",\"position\":1,\"name\":\"Portada\",\"item\":\"https:\\\/\\\/secretsforhealth.com\\\/\"},{\"@type\":\"ListItem\",\"position\":2,\"name\":\"Aviso de privacidad\"}]},{\"@type\":\"WebSite\",\"@id\":\"https:\\\/\\\/secretsforhealth.com\\\/#website\",\"url\":\"https:\\\/\\\/secretsforhealth.com\\\/\",\"name\":\"Mariana Guerrero G\",\"description\":\"\",\"potentialAction\":[{\"@type\":\"SearchAction\",\"target\":{\"@type\":\"EntryPoint\",\"urlTemplate\":\"https:\\\/\\\/secretsforhealth.com\\\/?s={search_term_string}\"},\"query-input\":{\"@type\":\"PropertyValueSpecification\",\"valueRequired\":true,\"valueName\":\"search_term_string\"}}],\"inLanguage\":\"en-US\"}]}<\/script>\n<!-- \/ Yoast SEO plugin. -->","yoast_head_json":{"title":"Privacy Notice - Mariana Guerrero G","description":"This privacy policy describes what personal information we collect and how we use it.","robots":{"index":"index","follow":"follow","max-snippet":"max-snippet:-1","max-image-preview":"max-image-preview:large","max-video-preview":"max-video-preview:-1"},"canonical":"https:\/\/secretsforhealth.com\/en\/aviso-de-privacidad\/","og_locale":"en_US","og_type":"article","og_title":"Aviso de privacidad - Mariana Guerrero G","og_description":"This privacy policy describes what personal information we collect and how we use it.","og_url":"https:\/\/secretsforhealth.com\/en\/aviso-de-privacidad\/","og_site_name":"Mariana Guerrero G","article_modified_time":"2023-12-31T17:41:07+00:00","twitter_card":"summary_large_image","twitter_misc":{"Est. reading time":"4 minutes"},"schema":{"@context":"https:\/\/schema.org","@graph":[{"@type":"WebPage","@id":"https:\/\/secretsforhealth.com\/aviso-de-privacidad\/","url":"https:\/\/secretsforhealth.com\/aviso-de-privacidad\/","name":"Privacy Notice - Mariana Guerrero G","isPartOf":{"@id":"https:\/\/secretsforhealth.com\/#website"},"datePublished":"2023-06-26T18:20:16+00:00","dateModified":"2023-12-31T17:41:07+00:00","description":"This privacy policy describes what personal information we collect and how we use it.","breadcrumb":{"@id":"https:\/\/secretsforhealth.com\/aviso-de-privacidad\/#breadcrumb"},"inLanguage":"en-US","potentialAction":[{"@type":"ReadAction","target":["https:\/\/secretsforhealth.com\/aviso-de-privacidad\/"]}]},{"@type":"BreadcrumbList","@id":"https:\/\/secretsforhealth.com\/aviso-de-privacidad\/#breadcrumb","itemListElement":[{"@type":"ListItem","position":1,"name":"Portada","item":"https:\/\/secretsforhealth.com\/"},{"@type":"ListItem","position":2,"name":"Aviso de privacidad"}]},{"@type":"WebSite","@id":"https:\/\/secretsforhealth.com\/#website","url":"https:\/\/secretsforhealth.com\/","name":"Mariana Guerrero G","description":"","potentialAction":[{"@type":"SearchAction","target":{"@type":"EntryPoint","urlTemplate":"https:\/\/secretsforhealth.com\/?s={search_term_string}"},"query-input":{"@type":"PropertyValueSpecification","valueRequired":true,"valueName":"search_term_string"}}],"inLanguage":"en-US"}]}},"jetpack_sharing_enabled":true,"_links":{"self":[{"href":"https:\/\/secretsforhealth.com\/en\/wp-json\/wp\/v2\/pages\/513","targetHints":{"allow":["GET"]}}],"collection":[{"href":"https:\/\/secretsforhealth.com\/en\/wp-json\/wp\/v2\/pages"}],"about":[{"href":"https:\/\/secretsforhealth.com\/en\/wp-json\/wp\/v2\/types\/page"}],"author":[{"embeddable":true,"href":"https:\/\/secretsforhealth.com\/en\/wp-json\/wp\/v2\/users\/5"}],"replies":[{"embeddable":true,"href":"https:\/\/secretsforhealth.com\/en\/wp-json\/wp\/v2\/comments?post=513"}],"version-history":[{"count":0,"href":"https:\/\/secretsforhealth.com\/en\/wp-json\/wp\/v2\/pages\/513\/revisions"}],"wp:attachment":[{"href":"https:\/\/secretsforhealth.com\/en\/wp-json\/wp\/v2\/media?parent=513"}],"curies":[{"name":"wp","href":"https:\/\/api.w.org\/{rel}","templated":true}]}}