{"id":526,"date":"2023-06-26T13:55:52","date_gmt":"2023-06-26T18:55:52","guid":{"rendered":"https:\/\/wordpress-972860-4312768.cloudwaysapps.com\/?page_id=526"},"modified":"2023-12-31T11:36:54","modified_gmt":"2023-12-31T17:36:54","slug":"disclaimer","status":"publish","type":"page","link":"https:\/\/secretsforhealth.com\/en\/disclaimer\/","title":{"rendered":"Disclaimer"},"content":{"rendered":"<div data-elementor-type=\"wp-page\" data-elementor-id=\"526\" class=\"elementor elementor-526\" data-elementor-post-type=\"page\">\n\t\t\t\t\t\t<section class=\"elementor-section elementor-top-section elementor-element elementor-element-fb34768 elementor-section-boxed elementor-section-height-default elementor-section-height-default\" data-id=\"fb34768\" data-element_type=\"section\" data-e-type=\"section\" data-settings=\"{&quot;background_background&quot;:&quot;gradient&quot;}\">\n\t\t\t\t\t\t<div class=\"elementor-container elementor-column-gap-default\">\n\t\t\t\t\t<div class=\"elementor-column elementor-col-100 elementor-top-column elementor-element elementor-element-4d8cc94\" data-id=\"4d8cc94\" data-element_type=\"column\" data-e-type=\"column\">\n\t\t\t<div class=\"elementor-widget-wrap elementor-element-populated\">\n\t\t\t\t\t\t<div class=\"elementor-element elementor-element-2c86e97 elementor-widget elementor-widget-heading\" data-id=\"2c86e97\" data-element_type=\"widget\" data-e-type=\"widget\" data-widget_type=\"heading.default\">\n\t\t\t\t<div class=\"elementor-widget-container\">\n\t\t\t\t\t<h2 class=\"elementor-heading-title elementor-size-default\">Disclaimer<\/h2>\t\t\t\t<\/div>\n\t\t\t\t<\/div>\n\t\t\t\t<section class=\"elementor-section elementor-inner-section elementor-element elementor-element-93b58ef elementor-section-boxed elementor-section-height-default elementor-section-height-default\" data-id=\"93b58ef\" data-element_type=\"section\" data-e-type=\"section\" data-settings=\"{&quot;background_background&quot;:&quot;classic&quot;}\">\n\t\t\t\t\t\t\t<div class=\"elementor-background-overlay\"><\/div>\n\t\t\t\t\t\t\t<div class=\"elementor-container elementor-column-gap-default\">\n\t\t\t\t\t<div class=\"elementor-column elementor-col-100 elementor-inner-column elementor-element elementor-element-e8bfba6\" data-id=\"e8bfba6\" data-element_type=\"column\" data-e-type=\"column\">\n\t\t\t<div class=\"elementor-widget-wrap elementor-element-populated\">\n\t\t\t\t\t\t<div class=\"elementor-element elementor-element-f08560d elementor-widget elementor-widget-text-editor\" data-id=\"f08560d\" data-element_type=\"widget\" data-e-type=\"widget\" data-widget_type=\"text-editor.default\">\n\t\t\t\t<div class=\"elementor-widget-container\">\n\t\t\t\t\t\t\t\t\t<p>The information presented on the Secrets for Health website is for informational purposes only and is not intended to be taken as medical, nutritional or financial advice. The opinions expressed on this website are personal opinions only and should not be construed as parenting, childbirth, medical, nutritional or financial advice for your specific situation. While every effort is made to present accurate information, it may not be appropriate for your specific circumstances and information may become outdated over time. I am not a physician, parenting expert, nutritional expert or financial expert, and you should consult a professional before making decisions. Be sure to do your own due diligence and seek out a trusted professional before making financial decisions of your own.<\/p><p>Neither \u201cSecrets for Health\u201d, Mariana Guerrero nor its members make any representations as to the validity, accuracy, completeness or suitability of any statement made herein. Neither \u201cSecrets for Health\u201d, Mariana Guerrero nor its members assume any liability with respect to parenting, childbirth, medical, nutritional or financial results based on the use of the information provided herein. In addition, advertisers, commentators and linked sites are solely responsible for their opinions and content, which do not necessarily represent the opinions of Secrets for Health, Mariana Guerrero or its members.<\/p>\t\t\t\t\t\t\t\t<\/div>\n\t\t\t\t<\/div>\n\t\t\t\t<div class=\"elementor-element elementor-element-933c9e0 elementor-widget-divider--view-line elementor-widget elementor-widget-divider\" data-id=\"933c9e0\" data-element_type=\"widget\" data-e-type=\"widget\" data-widget_type=\"divider.default\">\n\t\t\t\t<div class=\"elementor-widget-container\">\n\t\t\t\t\t\t\t<div class=\"elementor-divider\">\n\t\t\t<span class=\"elementor-divider-separator\">\n\t\t\t\t\t\t<\/span>\n\t\t<\/div>\n\t\t\t\t\t\t<\/div>\n\t\t\t\t<\/div>\n\t\t\t\t<div class=\"elementor-element elementor-element-2dc25e5 elementor-widget elementor-widget-heading\" data-id=\"2dc25e5\" data-element_type=\"widget\" data-e-type=\"widget\" data-widget_type=\"heading.default\">\n\t\t\t\t<div class=\"elementor-widget-container\">\n\t\t\t\t\t<h2 class=\"elementor-heading-title elementor-size-default\">CBCP3 Mariana Guerrero<\/h2>\t\t\t\t<\/div>\n\t\t\t\t<\/div>\n\t\t\t\t\t<\/div>\n\t\t<\/div>\n\t\t\t\t\t<\/div>\n\t\t<\/section>\n\t\t\t\t\t<\/div>\n\t\t<\/div>\n\t\t\t\t\t<\/div>\n\t\t<\/section>\n\t\t\t\t<\/div>","protected":false},"excerpt":{"rendered":"<p>Disclaimer La informaci\u00f3n presentada en el sitio web &#8220;Secrets for Health&#8221; tiene fines informativos \u00fanicamente y no pretende ser tomada como asesoramiento m\u00e9dico, nutricional o financiero. Las opiniones expresadas en este sitio web son solo opiniones personales y no deben interpretarse como asesoramiento en crianza, parto, m\u00e9dico, nutricional o financiero para su situaci\u00f3n espec\u00edfica. Aunque [&hellip;]<\/p>\n","protected":false},"author":5,"featured_media":0,"parent":0,"menu_order":0,"comment_status":"closed","ping_status":"closed","template":"","meta":{"nf_dc_page":"","site-sidebar-layout":"no-sidebar","site-content-layout":"page-builder","ast-site-content-layout":"default","site-content-style":"default","site-sidebar-style":"default","ast-global-header-display":"","ast-banner-title-visibility":"","ast-main-header-display":"","ast-hfb-above-header-display":"","ast-hfb-below-header-display":"","ast-hfb-mobile-header-display":"","site-post-title":"disabled","ast-breadcrumbs-content":"","ast-featured-img":"disabled","footer-sml-layout":"","ast-disable-related-posts":"","theme-transparent-header-meta":"","adv-header-id-meta":"","stick-header-meta":"","header-above-stick-meta":"","header-main-stick-meta":"","header-below-stick-meta":"","astra-migrate-meta-layouts":"default","ast-page-background-enabled":"default","ast-page-background-meta":{"desktop":{"background-color":"var(--ast-global-color-4)","background-image":"","background-repeat":"repeat","background-position":"center center","background-size":"auto","background-attachment":"scroll","background-type":"","background-media":"","overlay-type":"","overlay-color":"","overlay-opacity":"","overlay-gradient":""},"tablet":{"background-color":"","background-image":"","background-repeat":"repeat","background-position":"center center","background-size":"auto","background-attachment":"scroll","background-type":"","background-media":"","overlay-type":"","overlay-color":"","overlay-opacity":"","overlay-gradient":""},"mobile":{"background-color":"","background-image":"","background-repeat":"repeat","background-position":"center center","background-size":"auto","background-attachment":"scroll","background-type":"","background-media":"","overlay-type":"","overlay-color":"","overlay-opacity":"","overlay-gradient":""}},"ast-content-background-meta":{"desktop":{"background-color":"var(--ast-global-color-5)","background-image":"","background-repeat":"repeat","background-position":"center center","background-size":"auto","background-attachment":"scroll","background-type":"","background-media":"","overlay-type":"","overlay-color":"","overlay-opacity":"","overlay-gradient":""},"tablet":{"background-color":"var(--ast-global-color-5)","background-image":"","background-repeat":"repeat","background-position":"center center","background-size":"auto","background-attachment":"scroll","background-type":"","background-media":"","overlay-type":"","overlay-color":"","overlay-opacity":"","overlay-gradient":""},"mobile":{"background-color":"var(--ast-global-color-5)","background-image":"","background-repeat":"repeat","background-position":"center center","background-size":"auto","background-attachment":"scroll","background-type":"","background-media":"","overlay-type":"","overlay-color":"","overlay-opacity":"","overlay-gradient":""}},"footnotes":""},"class_list":["post-526","page","type-page","status-publish","hentry"],"yoast_head":"<!-- This site is optimized with the Yoast SEO plugin v27.4 - https:\/\/yoast.com\/product\/yoast-seo-wordpress\/ -->\n<title>Disclaimer - Mariana Guerrero G<\/title>\n<meta name=\"description\" content=\"Information presented on secrets for health\u00a0is intended for informational\u00a0purposes only and is not meant to be taken as medical, nutritional or financial advice.\" \/>\n<meta name=\"robots\" content=\"index, follow, max-snippet:-1, max-image-preview:large, max-video-preview:-1\" \/>\n<link rel=\"canonical\" href=\"https:\/\/secretsforhealth.com\/en\/disclaimer\/\" \/>\n<meta property=\"og:locale\" content=\"en_US\" \/>\n<meta property=\"og:type\" content=\"article\" \/>\n<meta property=\"og:title\" content=\"Disclaimer - Mariana Guerrero G\" \/>\n<meta property=\"og:description\" content=\"Information presented on secrets for health\u00a0is intended for informational\u00a0purposes only and is not meant to be taken as medical, nutritional or financial advice.\" \/>\n<meta property=\"og:url\" content=\"https:\/\/secretsforhealth.com\/en\/disclaimer\/\" \/>\n<meta property=\"og:site_name\" content=\"Mariana Guerrero G\" \/>\n<meta property=\"article:modified_time\" content=\"2023-12-31T17:36:54+00:00\" \/>\n<meta name=\"twitter:card\" content=\"summary_large_image\" \/>\n<meta name=\"twitter:label1\" content=\"Est. reading time\" \/>\n\t<meta name=\"twitter:data1\" content=\"1 minute\" \/>\n<script type=\"application\/ld+json\" class=\"yoast-schema-graph\">{\"@context\":\"https:\\\/\\\/schema.org\",\"@graph\":[{\"@type\":\"WebPage\",\"@id\":\"https:\\\/\\\/secretsforhealth.com\\\/disclaimer\\\/\",\"url\":\"https:\\\/\\\/secretsforhealth.com\\\/disclaimer\\\/\",\"name\":\"Disclaimer - Mariana Guerrero G\",\"isPartOf\":{\"@id\":\"https:\\\/\\\/secretsforhealth.com\\\/#website\"},\"datePublished\":\"2023-06-26T18:55:52+00:00\",\"dateModified\":\"2023-12-31T17:36:54+00:00\",\"description\":\"Information presented on secrets for health\u00a0is intended for informational\u00a0purposes only and is not meant to be taken as medical, nutritional or financial advice.\",\"breadcrumb\":{\"@id\":\"https:\\\/\\\/secretsforhealth.com\\\/disclaimer\\\/#breadcrumb\"},\"inLanguage\":\"en-US\",\"potentialAction\":[{\"@type\":\"ReadAction\",\"target\":[\"https:\\\/\\\/secretsforhealth.com\\\/disclaimer\\\/\"]}]},{\"@type\":\"BreadcrumbList\",\"@id\":\"https:\\\/\\\/secretsforhealth.com\\\/disclaimer\\\/#breadcrumb\",\"itemListElement\":[{\"@type\":\"ListItem\",\"position\":1,\"name\":\"Portada\",\"item\":\"https:\\\/\\\/secretsforhealth.com\\\/\"},{\"@type\":\"ListItem\",\"position\":2,\"name\":\"Disclaimer\"}]},{\"@type\":\"WebSite\",\"@id\":\"https:\\\/\\\/secretsforhealth.com\\\/#website\",\"url\":\"https:\\\/\\\/secretsforhealth.com\\\/\",\"name\":\"Mariana Guerrero G\",\"description\":\"\",\"potentialAction\":[{\"@type\":\"SearchAction\",\"target\":{\"@type\":\"EntryPoint\",\"urlTemplate\":\"https:\\\/\\\/secretsforhealth.com\\\/?s={search_term_string}\"},\"query-input\":{\"@type\":\"PropertyValueSpecification\",\"valueRequired\":true,\"valueName\":\"search_term_string\"}}],\"inLanguage\":\"en-US\"}]}<\/script>\n<!-- \/ Yoast SEO plugin. -->","yoast_head_json":{"title":"Disclaimer - Mariana Guerrero G","description":"Information presented on secrets for health is intended for informational purposes only and is not meant to be taken as medical, nutritional or financial advice.","robots":{"index":"index","follow":"follow","max-snippet":"max-snippet:-1","max-image-preview":"max-image-preview:large","max-video-preview":"max-video-preview:-1"},"canonical":"https:\/\/secretsforhealth.com\/en\/disclaimer\/","og_locale":"en_US","og_type":"article","og_title":"Disclaimer - Mariana Guerrero G","og_description":"Information presented on secrets for health\u00a0is intended for informational\u00a0purposes only and is not meant to be taken as medical, nutritional or financial advice.","og_url":"https:\/\/secretsforhealth.com\/en\/disclaimer\/","og_site_name":"Mariana Guerrero G","article_modified_time":"2023-12-31T17:36:54+00:00","twitter_card":"summary_large_image","twitter_misc":{"Est. reading time":"1 minute"},"schema":{"@context":"https:\/\/schema.org","@graph":[{"@type":"WebPage","@id":"https:\/\/secretsforhealth.com\/disclaimer\/","url":"https:\/\/secretsforhealth.com\/disclaimer\/","name":"Disclaimer - Mariana Guerrero G","isPartOf":{"@id":"https:\/\/secretsforhealth.com\/#website"},"datePublished":"2023-06-26T18:55:52+00:00","dateModified":"2023-12-31T17:36:54+00:00","description":"Information presented on secrets for health is intended for informational purposes only and is not meant to be taken as medical, nutritional or financial advice.","breadcrumb":{"@id":"https:\/\/secretsforhealth.com\/disclaimer\/#breadcrumb"},"inLanguage":"en-US","potentialAction":[{"@type":"ReadAction","target":["https:\/\/secretsforhealth.com\/disclaimer\/"]}]},{"@type":"BreadcrumbList","@id":"https:\/\/secretsforhealth.com\/disclaimer\/#breadcrumb","itemListElement":[{"@type":"ListItem","position":1,"name":"Portada","item":"https:\/\/secretsforhealth.com\/"},{"@type":"ListItem","position":2,"name":"Disclaimer"}]},{"@type":"WebSite","@id":"https:\/\/secretsforhealth.com\/#website","url":"https:\/\/secretsforhealth.com\/","name":"Mariana Guerrero G","description":"","potentialAction":[{"@type":"SearchAction","target":{"@type":"EntryPoint","urlTemplate":"https:\/\/secretsforhealth.com\/?s={search_term_string}"},"query-input":{"@type":"PropertyValueSpecification","valueRequired":true,"valueName":"search_term_string"}}],"inLanguage":"en-US"}]}},"jetpack_sharing_enabled":true,"_links":{"self":[{"href":"https:\/\/secretsforhealth.com\/en\/wp-json\/wp\/v2\/pages\/526","targetHints":{"allow":["GET"]}}],"collection":[{"href":"https:\/\/secretsforhealth.com\/en\/wp-json\/wp\/v2\/pages"}],"about":[{"href":"https:\/\/secretsforhealth.com\/en\/wp-json\/wp\/v2\/types\/page"}],"author":[{"embeddable":true,"href":"https:\/\/secretsforhealth.com\/en\/wp-json\/wp\/v2\/users\/5"}],"replies":[{"embeddable":true,"href":"https:\/\/secretsforhealth.com\/en\/wp-json\/wp\/v2\/comments?post=526"}],"version-history":[{"count":0,"href":"https:\/\/secretsforhealth.com\/en\/wp-json\/wp\/v2\/pages\/526\/revisions"}],"wp:attachment":[{"href":"https:\/\/secretsforhealth.com\/en\/wp-json\/wp\/v2\/media?parent=526"}],"curies":[{"name":"wp","href":"https:\/\/api.w.org\/{rel}","templated":true}]}}