{"id":1003,"date":"2024-02-12T16:07:47","date_gmt":"2024-02-12T22:07:47","guid":{"rendered":"https:\/\/wordpress-972860-4312768.cloudwaysapps.com\/?post_type=product&#038;p=1003"},"modified":"2024-02-15T13:58:43","modified_gmt":"2024-02-15T19:58:43","slug":"sesiones-de-lnt-por-1-mes-a-distancia","status":"publish","type":"product","link":"https:\/\/secretsforhealth.com\/en\/product\/sesiones-de-lnt-por-1-mes-a-distancia\/","title":{"rendered":"LNT\u00ae sessions for 1 month remotely"},"content":{"rendered":"<p><strong data-redactor-tag=\"strong\">YOU GET THE NUMBER OF SESSIONS THAT YOUR BODY REQUIRES FOR A WHOLE MONTH WHILE YOU SLEEP. YOU WILL BE SENT THE SESSION SCHEDULE THAT YOU WILL RECEIVE.<\/strong><\/p>\n<p><strong data-redactor-tag=\"strong\">What is LNT\u00ae?<\/strong><\/p>\n<p>LNT\u00ae is a quantum energy transmission protocol channeled and created more than 30 years ago by Phillipe Schwiderski, which provides your energetic body with the balance it needs on a physical or emotional level and can help you overcome various ailments. IT DOES NOT SUBSTITUTE MEDICAL TREATMENTS, it seeks to complement the body's homeostasis processes from a holistic perspective.<\/p>\n<p><strong data-redactor-tag=\"strong\">How is the session carried out remotely?<\/strong><\/p>\n<p>There are two ways to receive the energy, the first is a live in-person session, where the person receiving it is sitting and the Practitioner is sending the energy at that moment, and they may or may not be connected by computer. This modality requires one session every 15 days.<\/p>\n<p>The other way to receive it is from a distance while you sleep, here you check with a pendulum how many sessions your body requires per week and for how many weeks and the energy body of the Practitioner is programmed to send the energy on the agreed day and time. These sessions are sold in a package per month, since they require a greater frequency than live in-person sessions.<\/p>\n<p><em data-redactor-tag=\"em\">Disclaimer: Secrets for Health and its practitioner Mariana Guerrero do not guarantee the results you may have with any of the techniques, the results of each person vary and may be very different from the testimonials.<\/em><\/p>\n<p><strong data-redactor-tag=\"strong\">Do you want to know more about the creators?<\/strong><\/p>\n<p><a href=\"https:\/\/www.lanuevaterapia.com\/la-nueva-terapia-lnt\/\">The New LNT Therapy \u2013 Schwiderski Method \u2013 Quantum Therapy<\/a><\/p>","protected":false},"excerpt":{"rendered":"<p><strong data-redactor-tag=\"strong\">YOU GET THE NUMBER OF SESSIONS THAT YOUR BODY REQUIRES FOR A WHOLE MONTH WHILE YOU SLEEP. YOU WILL BE SENT THE SESSION SCHEDULE THAT YOU WILL RECEIVE.<\/strong><\/p>\n<p><strong data-redactor-tag=\"strong\">What is LNT\u00ae?<\/strong><\/p>\n<p>LNT\u00ae is a quantum energy transmission protocol channeled and created more than 30 years ago by Phillipe Schwiderski, which provides your energetic body with the balance it needs on a physical or emotional level and can help you overcome various ailments. IT DOES NOT SUBSTITUTE MEDICAL TREATMENTS, it seeks to complement the body's homeostasis processes from a holistic perspective.<\/p>\n<p><strong data-redactor-tag=\"strong\">How is the session carried out remotely?<\/strong><\/p>\n<p>There are two ways to receive the energy, the first is a live in-person session, where the person receiving it is sitting and the Practitioner is sending the energy at that moment, and they may or may not be connected by computer. This modality requires one session every 15 days.<\/p>\n<p>The other way to receive it is from a distance while you sleep, here you check with a pendulum how many sessions your body requires per week and for how many weeks and the energy body of the Practitioner is programmed to send the energy on the agreed day and time. These sessions are sold in a package per month, since they require a greater frequency than live in-person sessions.<\/p>\n<p><em data-redactor-tag=\"em\">Disclaimer: Secrets for Health and its practitioner Mariana Guerrero do not guarantee the results you may have with any of the techniques, the results of each person vary and may be very different from the testimonials.<\/em><\/p>\n<p><strong data-redactor-tag=\"strong\">Do you want to know more about the creators?<\/strong><\/p>\n<p><a href=\"https:\/\/www.lanuevaterapia.com\/la-nueva-terapia-lnt\/\">The New LNT Therapy \u2013 Schwiderski Method \u2013 Quantum Therapy<\/a><\/p>","protected":false},"featured_media":1004,"comment_status":"open","ping_status":"closed","template":"","meta":{"nf_dc_page":"","site-sidebar-layout":"default","site-content-layout":"","ast-site-content-layout":"default","site-content-style":"default","site-sidebar-style":"default","ast-global-header-display":"","ast-banner-title-visibility":"","ast-main-header-display":"","ast-hfb-above-header-display":"","ast-hfb-below-header-display":"","ast-hfb-mobile-header-display":"","site-post-title":"","ast-breadcrumbs-content":"","ast-featured-img":"","footer-sml-layout":"","ast-disable-related-posts":"","theme-transparent-header-meta":"default","adv-header-id-meta":"","stick-header-meta":"","header-above-stick-meta":"","header-main-stick-meta":"","header-below-stick-meta":"","astra-migrate-meta-layouts":"set","ast-page-background-enabled":"default","ast-page-background-meta":{"desktop":{"background-color":"var(--ast-global-color-4)","background-image":"","background-repeat":"repeat","background-position":"center center","background-size":"auto","background-attachment":"scroll","background-type":"","background-media":"","overlay-type":"","overlay-color":"","overlay-opacity":"","overlay-gradient":""},"tablet":{"background-color":"","background-image":"","background-repeat":"repeat","background-position":"center center","background-size":"auto","background-attachment":"scroll","background-type":"","background-media":"","overlay-type":"","overlay-color":"","overlay-opacity":"","overlay-gradient":""},"mobile":{"background-color":"","background-image":"","background-repeat":"repeat","background-position":"center center","background-size":"auto","background-attachment":"scroll","background-type":"","background-media":"","overlay-type":"","overlay-color":"","overlay-opacity":"","overlay-gradient":""}},"ast-content-background-meta":{"desktop":{"background-color":"var(--ast-global-color-5)","background-image":"","background-repeat":"repeat","background-position":"center center","background-size":"auto","background-attachment":"scroll","background-type":"","background-media":"","overlay-type":"","overlay-color":"","overlay-opacity":"","overlay-gradient":""},"tablet":{"background-color":"var(--ast-global-color-5)","background-image":"","background-repeat":"repeat","background-position":"center center","background-size":"auto","background-attachment":"scroll","background-type":"","background-media":"","overlay-type":"","overlay-color":"","overlay-opacity":"","overlay-gradient":""},"mobile":{"background-color":"var(--ast-global-color-5)","background-image":"","background-repeat":"repeat","background-position":"center center","background-size":"auto","background-attachment":"scroll","background-type":"","background-media":"","overlay-type":"","overlay-color":"","overlay-opacity":"","overlay-gradient":""}}},"product_brand":[],"product_cat":[20],"product_tag":[],"class_list":{"0":"post-1003","1":"product","2":"type-product","3":"status-publish","4":"has-post-thumbnail","6":"product_cat-sin-categorizar","7":"desktop-align-left","8":"tablet-align-left","9":"mobile-align-left","11":"first","12":"instock","13":"virtual","14":"purchasable","15":"product-type-simple"},"yoast_head":"<!-- This site is optimized with the Yoast SEO plugin v27.4 - https:\/\/yoast.com\/product\/yoast-seo-wordpress\/ -->\n<title>Sesiones de LNT\u00ae por 1 mes a distancia - Mariana Guerrero G<\/title>\n<meta name=\"robots\" content=\"index, follow, max-snippet:-1, max-image-preview:large, max-video-preview:-1\" \/>\n<link rel=\"canonical\" href=\"https:\/\/secretsforhealth.com\/en\/product\/sesiones-de-lnt-por-1-mes-a-distancia\/\" \/>\n<meta property=\"og:locale\" content=\"en_US\" \/>\n<meta property=\"og:type\" content=\"article\" \/>\n<meta property=\"og:title\" content=\"Sesiones de LNT\u00ae por 1 mes a distancia - Mariana Guerrero G\" \/>\n<meta property=\"og:description\" content=\"OBTIENES LA CANTIDAD DE SESIONES QUE TU CUERPO INDIQUE POR TODO UN MES MIENTRAS DUERMES. SE TE ENV\u00cdA LA PROGRAMACI\u00d3N DE SESIONES QUE RECIBIR\u00c1S.  Qu\u00e9 es la LNT\u00ae?  LNT\u00ae es un protocolo de transmisi\u00f3n de energia cu\u00e1ntica canalizado y creado hace m\u00e1s de 30 a\u00f1os por Phillipe Schwiderski, que aporta a tu cuerpo energ\u00e9tico equilibrio que necesita a nivel f\u00edsico o emocional y puede ayudarte a superar diversos malestares. NO SUSTITUYE TRATAMIENTOS MEDICOS, busca complementar desde una perspectiva hol\u00edstica los procesos de homeostasis del cuerpo.  C\u00f3mo se realiza la sesi\u00f3n a distancia?  Hay dos formas de recibir la energ\u00eda, la primera es una sesion presencial en vivo, donde quien la recibe est\u00e1 sentado y el Practicante esta enviando la energ\u00eda en ese momento, pudiendo estar conectados por computadora o no. Esta modalidad se requiere una sesion cada 15 dias.  La otra forma de recibirlo es A distancia mientras duermes, aqu\u00ed se checa con p\u00e9ndulo cuantas sesiones requiere tu cuerpo por semana y por cuantas semanas y se programa el cuerpo energ\u00e9tico de el Practicante para enviar el d\u00eda y hora acordado la energ\u00eda. Estas sesiones se venden en paquete por mes, ya que requieren una mayor frecuencia que presencial en vivo.  Disclaimer: Secrets for Health y su practicante Mariana Guerrero no garantizan el resultado que puedas tener con cualquiera de las t\u00e9cnicas, los resultados de cada persona var\u00edan y pueden ser muy distintos a los testimoniales.  Quieres saber m\u00e1s sobre los creadores?  La Nueva Terapia LNT - M\u00e9todo Schwiderski - Terapia Cu\u00e1ntica\" \/>\n<meta property=\"og:url\" content=\"https:\/\/secretsforhealth.com\/en\/product\/sesiones-de-lnt-por-1-mes-a-distancia\/\" \/>\n<meta property=\"og:site_name\" content=\"Mariana Guerrero G\" \/>\n<meta property=\"article:modified_time\" content=\"2024-02-15T19:58:43+00:00\" \/>\n<meta property=\"og:image\" content=\"https:\/\/secretsforhealth.com\/wp-content\/uploads\/2024\/02\/aaaaa.jpg\" \/>\n\t<meta property=\"og:image:width\" content=\"400\" \/>\n\t<meta property=\"og:image:height\" content=\"267\" \/>\n\t<meta property=\"og:image:type\" content=\"image\/jpeg\" \/>\n<meta name=\"twitter:card\" content=\"summary_large_image\" \/>\n<meta name=\"twitter:label1\" content=\"Est. reading time\" \/>\n\t<meta name=\"twitter:data1\" content=\"2 minutes\" \/>\n<script type=\"application\/ld+json\" class=\"yoast-schema-graph\">{\"@context\":\"https:\\\/\\\/schema.org\",\"@graph\":[{\"@type\":\"WebPage\",\"@id\":\"https:\\\/\\\/secretsforhealth.com\\\/producto\\\/sesiones-de-lnt-por-1-mes-a-distancia\\\/\",\"url\":\"https:\\\/\\\/secretsforhealth.com\\\/producto\\\/sesiones-de-lnt-por-1-mes-a-distancia\\\/\",\"name\":\"Sesiones de LNT\u00ae por 1 mes a distancia - Mariana Guerrero G\",\"isPartOf\":{\"@id\":\"https:\\\/\\\/secretsforhealth.com\\\/#website\"},\"primaryImageOfPage\":{\"@id\":\"https:\\\/\\\/secretsforhealth.com\\\/producto\\\/sesiones-de-lnt-por-1-mes-a-distancia\\\/#primaryimage\"},\"image\":{\"@id\":\"https:\\\/\\\/secretsforhealth.com\\\/producto\\\/sesiones-de-lnt-por-1-mes-a-distancia\\\/#primaryimage\"},\"thumbnailUrl\":\"https:\\\/\\\/i0.wp.com\\\/secretsforhealth.com\\\/wp-content\\\/uploads\\\/2024\\\/02\\\/aaaaa.jpg?fit=400%2C267&ssl=1\",\"datePublished\":\"2024-02-12T22:07:47+00:00\",\"dateModified\":\"2024-02-15T19:58:43+00:00\",\"breadcrumb\":{\"@id\":\"https:\\\/\\\/secretsforhealth.com\\\/producto\\\/sesiones-de-lnt-por-1-mes-a-distancia\\\/#breadcrumb\"},\"inLanguage\":\"en-US\",\"potentialAction\":[{\"@type\":\"ReadAction\",\"target\":[\"https:\\\/\\\/secretsforhealth.com\\\/producto\\\/sesiones-de-lnt-por-1-mes-a-distancia\\\/\"]}]},{\"@type\":\"ImageObject\",\"inLanguage\":\"en-US\",\"@id\":\"https:\\\/\\\/secretsforhealth.com\\\/producto\\\/sesiones-de-lnt-por-1-mes-a-distancia\\\/#primaryimage\",\"url\":\"https:\\\/\\\/i0.wp.com\\\/secretsforhealth.com\\\/wp-content\\\/uploads\\\/2024\\\/02\\\/aaaaa.jpg?fit=400%2C267&ssl=1\",\"contentUrl\":\"https:\\\/\\\/i0.wp.com\\\/secretsforhealth.com\\\/wp-content\\\/uploads\\\/2024\\\/02\\\/aaaaa.jpg?fit=400%2C267&ssl=1\",\"width\":400,\"height\":267},{\"@type\":\"BreadcrumbList\",\"@id\":\"https:\\\/\\\/secretsforhealth.com\\\/producto\\\/sesiones-de-lnt-por-1-mes-a-distancia\\\/#breadcrumb\",\"itemListElement\":[{\"@type\":\"ListItem\",\"position\":1,\"name\":\"Portada\",\"item\":\"https:\\\/\\\/secretsforhealth.com\\\/\"},{\"@type\":\"ListItem\",\"position\":2,\"name\":\"Productos\",\"item\":\"https:\\\/\\\/secretsforhealth.com\\\/tienda\\\/\"},{\"@type\":\"ListItem\",\"position\":3,\"name\":\"Sesiones de LNT\u00ae por 1 mes a distancia\"}]},{\"@type\":\"WebSite\",\"@id\":\"https:\\\/\\\/secretsforhealth.com\\\/#website\",\"url\":\"https:\\\/\\\/secretsforhealth.com\\\/\",\"name\":\"Mariana Guerrero G\",\"description\":\"\",\"potentialAction\":[{\"@type\":\"SearchAction\",\"target\":{\"@type\":\"EntryPoint\",\"urlTemplate\":\"https:\\\/\\\/secretsforhealth.com\\\/?s={search_term_string}\"},\"query-input\":{\"@type\":\"PropertyValueSpecification\",\"valueRequired\":true,\"valueName\":\"search_term_string\"}}],\"inLanguage\":\"en-US\"}]}<\/script>\n<!-- \/ Yoast SEO plugin. -->","yoast_head_json":{"title":"LNT\u00ae sessions for 1 month at a distance - Mariana Guerrero G","robots":{"index":"index","follow":"follow","max-snippet":"max-snippet:-1","max-image-preview":"max-image-preview:large","max-video-preview":"max-video-preview:-1"},"canonical":"https:\/\/secretsforhealth.com\/en\/product\/sesiones-de-lnt-por-1-mes-a-distancia\/","og_locale":"en_US","og_type":"article","og_title":"Sesiones de LNT\u00ae por 1 mes a distancia - Mariana Guerrero G","og_description":"OBTIENES LA CANTIDAD DE SESIONES QUE TU CUERPO INDIQUE POR TODO UN MES MIENTRAS DUERMES. SE TE ENV\u00cdA LA PROGRAMACI\u00d3N DE SESIONES QUE RECIBIR\u00c1S.  Qu\u00e9 es la LNT\u00ae?  LNT\u00ae es un protocolo de transmisi\u00f3n de energia cu\u00e1ntica canalizado y creado hace m\u00e1s de 30 a\u00f1os por Phillipe Schwiderski, que aporta a tu cuerpo energ\u00e9tico equilibrio que necesita a nivel f\u00edsico o emocional y puede ayudarte a superar diversos malestares. NO SUSTITUYE TRATAMIENTOS MEDICOS, busca complementar desde una perspectiva hol\u00edstica los procesos de homeostasis del cuerpo.  C\u00f3mo se realiza la sesi\u00f3n a distancia?  Hay dos formas de recibir la energ\u00eda, la primera es una sesion presencial en vivo, donde quien la recibe est\u00e1 sentado y el Practicante esta enviando la energ\u00eda en ese momento, pudiendo estar conectados por computadora o no. Esta modalidad se requiere una sesion cada 15 dias.  La otra forma de recibirlo es A distancia mientras duermes, aqu\u00ed se checa con p\u00e9ndulo cuantas sesiones requiere tu cuerpo por semana y por cuantas semanas y se programa el cuerpo energ\u00e9tico de el Practicante para enviar el d\u00eda y hora acordado la energ\u00eda. Estas sesiones se venden en paquete por mes, ya que requieren una mayor frecuencia que presencial en vivo.  Disclaimer: Secrets for Health y su practicante Mariana Guerrero no garantizan el resultado que puedas tener con cualquiera de las t\u00e9cnicas, los resultados de cada persona var\u00edan y pueden ser muy distintos a los testimoniales.  Quieres saber m\u00e1s sobre los creadores?  La Nueva Terapia LNT - M\u00e9todo Schwiderski - Terapia Cu\u00e1ntica","og_url":"https:\/\/secretsforhealth.com\/en\/product\/sesiones-de-lnt-por-1-mes-a-distancia\/","og_site_name":"Mariana Guerrero G","article_modified_time":"2024-02-15T19:58:43+00:00","og_image":[{"width":400,"height":267,"url":"https:\/\/secretsforhealth.com\/wp-content\/uploads\/2024\/02\/aaaaa.jpg","type":"image\/jpeg"}],"twitter_card":"summary_large_image","twitter_misc":{"Est. reading time":"2 minutes"},"schema":{"@context":"https:\/\/schema.org","@graph":[{"@type":"WebPage","@id":"https:\/\/secretsforhealth.com\/producto\/sesiones-de-lnt-por-1-mes-a-distancia\/","url":"https:\/\/secretsforhealth.com\/producto\/sesiones-de-lnt-por-1-mes-a-distancia\/","name":"LNT\u00ae sessions for 1 month at a distance - Mariana Guerrero G","isPartOf":{"@id":"https:\/\/secretsforhealth.com\/#website"},"primaryImageOfPage":{"@id":"https:\/\/secretsforhealth.com\/producto\/sesiones-de-lnt-por-1-mes-a-distancia\/#primaryimage"},"image":{"@id":"https:\/\/secretsforhealth.com\/producto\/sesiones-de-lnt-por-1-mes-a-distancia\/#primaryimage"},"thumbnailUrl":"https:\/\/i0.wp.com\/secretsforhealth.com\/wp-content\/uploads\/2024\/02\/aaaaa.jpg?fit=400%2C267&ssl=1","datePublished":"2024-02-12T22:07:47+00:00","dateModified":"2024-02-15T19:58:43+00:00","breadcrumb":{"@id":"https:\/\/secretsforhealth.com\/producto\/sesiones-de-lnt-por-1-mes-a-distancia\/#breadcrumb"},"inLanguage":"en-US","potentialAction":[{"@type":"ReadAction","target":["https:\/\/secretsforhealth.com\/producto\/sesiones-de-lnt-por-1-mes-a-distancia\/"]}]},{"@type":"ImageObject","inLanguage":"en-US","@id":"https:\/\/secretsforhealth.com\/producto\/sesiones-de-lnt-por-1-mes-a-distancia\/#primaryimage","url":"https:\/\/i0.wp.com\/secretsforhealth.com\/wp-content\/uploads\/2024\/02\/aaaaa.jpg?fit=400%2C267&ssl=1","contentUrl":"https:\/\/i0.wp.com\/secretsforhealth.com\/wp-content\/uploads\/2024\/02\/aaaaa.jpg?fit=400%2C267&ssl=1","width":400,"height":267},{"@type":"BreadcrumbList","@id":"https:\/\/secretsforhealth.com\/producto\/sesiones-de-lnt-por-1-mes-a-distancia\/#breadcrumb","itemListElement":[{"@type":"ListItem","position":1,"name":"Portada","item":"https:\/\/secretsforhealth.com\/"},{"@type":"ListItem","position":2,"name":"Productos","item":"https:\/\/secretsforhealth.com\/tienda\/"},{"@type":"ListItem","position":3,"name":"Sesiones de LNT\u00ae por 1 mes a distancia"}]},{"@type":"WebSite","@id":"https:\/\/secretsforhealth.com\/#website","url":"https:\/\/secretsforhealth.com\/","name":"Mariana Guerrero G","description":"","potentialAction":[{"@type":"SearchAction","target":{"@type":"EntryPoint","urlTemplate":"https:\/\/secretsforhealth.com\/?s={search_term_string}"},"query-input":{"@type":"PropertyValueSpecification","valueRequired":true,"valueName":"search_term_string"}}],"inLanguage":"en-US"}]}},"jetpack_sharing_enabled":true,"_links":{"self":[{"href":"https:\/\/secretsforhealth.com\/en\/wp-json\/wp\/v2\/product\/1003","targetHints":{"allow":["GET"]}}],"collection":[{"href":"https:\/\/secretsforhealth.com\/en\/wp-json\/wp\/v2\/product"}],"about":[{"href":"https:\/\/secretsforhealth.com\/en\/wp-json\/wp\/v2\/types\/product"}],"replies":[{"embeddable":true,"href":"https:\/\/secretsforhealth.com\/en\/wp-json\/wp\/v2\/comments?post=1003"}],"wp:featuredmedia":[{"embeddable":true,"href":"https:\/\/secretsforhealth.com\/en\/wp-json\/wp\/v2\/media\/1004"}],"wp:attachment":[{"href":"https:\/\/secretsforhealth.com\/en\/wp-json\/wp\/v2\/media?parent=1003"}],"wp:term":[{"taxonomy":"product_brand","embeddable":true,"href":"https:\/\/secretsforhealth.com\/en\/wp-json\/wp\/v2\/product_brand?post=1003"},{"taxonomy":"product_cat","embeddable":true,"href":"https:\/\/secretsforhealth.com\/en\/wp-json\/wp\/v2\/product_cat?post=1003"},{"taxonomy":"product_tag","embeddable":true,"href":"https:\/\/secretsforhealth.com\/en\/wp-json\/wp\/v2\/product_tag?post=1003"}],"curies":[{"name":"wp","href":"https:\/\/api.w.org\/{rel}","templated":true}]}}