{"id":1517,"date":"2024-12-15T13:19:26","date_gmt":"2024-12-15T19:19:26","guid":{"rendered":"https:\/\/secretsforhealth.com\/?post_type=product&#038;p=1517"},"modified":"2024-12-15T14:50:59","modified_gmt":"2024-12-15T20:50:59","slug":"sesion-energia-grupal-1","status":"publish","type":"product","link":"https:\/\/secretsforhealth.com\/en\/product\/sesion-energia-grupal-1\/","title":{"rendered":"Group Energy Session 1 person"},"content":{"rendered":"<p><strong data-redactor-tag=\"strong\">What is the Group Energy Session?<\/strong><\/p>\n<p><span style=\"font-size: 16px; -webkit-text-size-adjust: 100%;\">A Group Session where the Guide or Channeler connects directly to Source and connects to the rest of the participants.  In Group Sessions we have a common objective or theme to work on, for example Abundance, Couple, or a Health issue.<br \/>\nA Group Session helps us to raise our frequency thanks to the synergy of all participants, which usually makes it more powerful.<\/span><\/p>\n<p><strong>C\u00f3mo se hace una Sesi\u00f3n de Energ\u00eda Grupal?<\/strong><\/p>\n<p>Los participantes reciben una liga para conectarse el d\u00eda y hora acordados a trav\u00e9s de una plataforma de videoconferencia. Lo recomendable es estar de pie en un espacio seguro y recibir la energ\u00eda dejando que el cuerpo oscile o se mueva de una manera consciente para liberar los bloqueos desde nuestro campo magn\u00e9tico y cuerpos energ\u00e9ticos.<\/p>\n<p><strong>Cu\u00e1nto dura la Sesi\u00f3n de Energ\u00eda Grupal?<br \/>\n<\/strong><span style=\"font-size: 16px; -webkit-text-size-adjust: 100%;\">45 min<\/span><\/p>","protected":false},"excerpt":{"rendered":"<p><strong style=\"font-size: 16px; -webkit-text-size-adjust: 100%;\" data-redactor-tag=\"strong\">What is the Group Energy Session?<\/strong><\/p>\n<p>A Group Session where the Guide or Channeler connects directly to Source and connects to the rest of the participants.  In Group Sessions we have a common objective or theme to work on, for example Abundance, Couple, or a Health issue.<br \/>\nA Group Session helps us to raise our frequency thanks to the synergy of all participants, which usually makes it more powerful.<\/p>","protected":false},"featured_media":1518,"comment_status":"open","ping_status":"closed","template":"","meta":{"nf_dc_page":"","site-sidebar-layout":"default","site-content-layout":"","ast-site-content-layout":"default","site-content-style":"default","site-sidebar-style":"default","ast-global-header-display":"","ast-banner-title-visibility":"","ast-main-header-display":"","ast-hfb-above-header-display":"","ast-hfb-below-header-display":"","ast-hfb-mobile-header-display":"","site-post-title":"","ast-breadcrumbs-content":"","ast-featured-img":"","footer-sml-layout":"","ast-disable-related-posts":"","theme-transparent-header-meta":"default","adv-header-id-meta":"","stick-header-meta":"","header-above-stick-meta":"","header-main-stick-meta":"","header-below-stick-meta":"","astra-migrate-meta-layouts":"set","ast-page-background-enabled":"default","ast-page-background-meta":{"desktop":{"background-color":"var(--ast-global-color-4)","background-image":"","background-repeat":"repeat","background-position":"center center","background-size":"auto","background-attachment":"scroll","background-type":"","background-media":"","overlay-type":"","overlay-color":"","overlay-opacity":"","overlay-gradient":""},"tablet":{"background-color":"","background-image":"","background-repeat":"repeat","background-position":"center center","background-size":"auto","background-attachment":"scroll","background-type":"","background-media":"","overlay-type":"","overlay-color":"","overlay-opacity":"","overlay-gradient":""},"mobile":{"background-color":"","background-image":"","background-repeat":"repeat","background-position":"center center","background-size":"auto","background-attachment":"scroll","background-type":"","background-media":"","overlay-type":"","overlay-color":"","overlay-opacity":"","overlay-gradient":""}},"ast-content-background-meta":{"desktop":{"background-color":"var(--ast-global-color-5)","background-image":"","background-repeat":"repeat","background-position":"center center","background-size":"auto","background-attachment":"scroll","background-type":"","background-media":"","overlay-type":"","overlay-color":"","overlay-opacity":"","overlay-gradient":""},"tablet":{"background-color":"var(--ast-global-color-5)","background-image":"","background-repeat":"repeat","background-position":"center center","background-size":"auto","background-attachment":"scroll","background-type":"","background-media":"","overlay-type":"","overlay-color":"","overlay-opacity":"","overlay-gradient":""},"mobile":{"background-color":"var(--ast-global-color-5)","background-image":"","background-repeat":"repeat","background-position":"center center","background-size":"auto","background-attachment":"scroll","background-type":"","background-media":"","overlay-type":"","overlay-color":"","overlay-opacity":"","overlay-gradient":""}}},"product_brand":[],"product_cat":[20],"product_tag":[],"class_list":{"0":"post-1517","1":"product","2":"type-product","3":"status-publish","4":"has-post-thumbnail","6":"product_cat-sin-categorizar","7":"desktop-align-left","8":"tablet-align-left","9":"mobile-align-left","11":"first","12":"instock","13":"virtual","14":"purchasable","15":"product-type-simple"},"yoast_head":"<!-- This site is optimized with the Yoast SEO plugin v27.4 - https:\/\/yoast.com\/product\/yoast-seo-wordpress\/ -->\n<title>Sesi\u00f3n de Energ\u00eda Grupal 1 persona - Mariana Guerrero G<\/title>\n<meta name=\"robots\" content=\"index, follow, max-snippet:-1, max-image-preview:large, max-video-preview:-1\" \/>\n<link rel=\"canonical\" href=\"https:\/\/secretsforhealth.com\/en\/product\/sesion-energia-grupal-1\/\" \/>\n<meta property=\"og:locale\" content=\"en_US\" \/>\n<meta property=\"og:type\" content=\"article\" \/>\n<meta property=\"og:title\" content=\"Sesi\u00f3n de Energ\u00eda Grupal 1 persona - Mariana Guerrero G\" \/>\n<meta property=\"og:description\" content=\"Qu\u00e9 es la Sesi\u00f3n de Energia Grupal?  Una Sesi\u00f3n en Grupo donde el Gu\u00eda o Canalizador se conecta directamente a La Fuente y conecta al resto de los participantes. \u00a0En las Sesiones Grupales tenemos un objetivo o tema com\u00fan para trabajar, por ejemplo Abundancia, Pareja, o un tema de Salud. Una Sesi\u00f3n Grupal nos ayuda a elevar nuestra frecuencia gracias a la sinergia de todos los participantes, lo cual suele hacerla m\u00e1s potente.\" \/>\n<meta property=\"og:url\" content=\"https:\/\/secretsforhealth.com\/en\/product\/sesion-energia-grupal-1\/\" \/>\n<meta property=\"og:site_name\" content=\"Mariana Guerrero G\" \/>\n<meta property=\"article:modified_time\" content=\"2024-12-15T20:50:59+00:00\" \/>\n<meta property=\"og:image\" content=\"https:\/\/secretsforhealth.com\/wp-content\/uploads\/2024\/12\/IMG_1565.jpeg\" \/>\n\t<meta property=\"og:image:width\" content=\"256\" \/>\n\t<meta property=\"og:image:height\" content=\"256\" \/>\n\t<meta property=\"og:image:type\" content=\"image\/jpeg\" \/>\n<meta name=\"twitter:card\" content=\"summary_large_image\" \/>\n<meta name=\"twitter:label1\" content=\"Est. reading time\" \/>\n\t<meta name=\"twitter:data1\" content=\"1 minute\" \/>\n<script type=\"application\/ld+json\" class=\"yoast-schema-graph\">{\"@context\":\"https:\\\/\\\/schema.org\",\"@graph\":[{\"@type\":\"WebPage\",\"@id\":\"https:\\\/\\\/secretsforhealth.com\\\/producto\\\/sesion-energia-grupal-1\\\/\",\"url\":\"https:\\\/\\\/secretsforhealth.com\\\/producto\\\/sesion-energia-grupal-1\\\/\",\"name\":\"Sesi\u00f3n de Energ\u00eda Grupal 1 persona - Mariana Guerrero G\",\"isPartOf\":{\"@id\":\"https:\\\/\\\/secretsforhealth.com\\\/#website\"},\"primaryImageOfPage\":{\"@id\":\"https:\\\/\\\/secretsforhealth.com\\\/producto\\\/sesion-energia-grupal-1\\\/#primaryimage\"},\"image\":{\"@id\":\"https:\\\/\\\/secretsforhealth.com\\\/producto\\\/sesion-energia-grupal-1\\\/#primaryimage\"},\"thumbnailUrl\":\"https:\\\/\\\/i0.wp.com\\\/secretsforhealth.com\\\/wp-content\\\/uploads\\\/2024\\\/12\\\/IMG_1565.jpeg?fit=256%2C256&ssl=1\",\"datePublished\":\"2024-12-15T19:19:26+00:00\",\"dateModified\":\"2024-12-15T20:50:59+00:00\",\"breadcrumb\":{\"@id\":\"https:\\\/\\\/secretsforhealth.com\\\/producto\\\/sesion-energia-grupal-1\\\/#breadcrumb\"},\"inLanguage\":\"en-US\",\"potentialAction\":[{\"@type\":\"ReadAction\",\"target\":[\"https:\\\/\\\/secretsforhealth.com\\\/producto\\\/sesion-energia-grupal-1\\\/\"]}]},{\"@type\":\"ImageObject\",\"inLanguage\":\"en-US\",\"@id\":\"https:\\\/\\\/secretsforhealth.com\\\/producto\\\/sesion-energia-grupal-1\\\/#primaryimage\",\"url\":\"https:\\\/\\\/i0.wp.com\\\/secretsforhealth.com\\\/wp-content\\\/uploads\\\/2024\\\/12\\\/IMG_1565.jpeg?fit=256%2C256&ssl=1\",\"contentUrl\":\"https:\\\/\\\/i0.wp.com\\\/secretsforhealth.com\\\/wp-content\\\/uploads\\\/2024\\\/12\\\/IMG_1565.jpeg?fit=256%2C256&ssl=1\",\"width\":256,\"height\":256},{\"@type\":\"BreadcrumbList\",\"@id\":\"https:\\\/\\\/secretsforhealth.com\\\/producto\\\/sesion-energia-grupal-1\\\/#breadcrumb\",\"itemListElement\":[{\"@type\":\"ListItem\",\"position\":1,\"name\":\"Portada\",\"item\":\"https:\\\/\\\/secretsforhealth.com\\\/\"},{\"@type\":\"ListItem\",\"position\":2,\"name\":\"Productos\",\"item\":\"https:\\\/\\\/secretsforhealth.com\\\/tienda\\\/\"},{\"@type\":\"ListItem\",\"position\":3,\"name\":\"Sesi\u00f3n de Energ\u00eda Grupal 1 persona\"}]},{\"@type\":\"WebSite\",\"@id\":\"https:\\\/\\\/secretsforhealth.com\\\/#website\",\"url\":\"https:\\\/\\\/secretsforhealth.com\\\/\",\"name\":\"Mariana Guerrero G\",\"description\":\"\",\"potentialAction\":[{\"@type\":\"SearchAction\",\"target\":{\"@type\":\"EntryPoint\",\"urlTemplate\":\"https:\\\/\\\/secretsforhealth.com\\\/?s={search_term_string}\"},\"query-input\":{\"@type\":\"PropertyValueSpecification\",\"valueRequired\":true,\"valueName\":\"search_term_string\"}}],\"inLanguage\":\"en-US\"}]}<\/script>\n<!-- \/ Yoast SEO plugin. -->","yoast_head_json":{"title":"Sesi\u00f3n de Energ\u00eda Grupal 1 persona - Mariana Guerrero G","robots":{"index":"index","follow":"follow","max-snippet":"max-snippet:-1","max-image-preview":"max-image-preview:large","max-video-preview":"max-video-preview:-1"},"canonical":"https:\/\/secretsforhealth.com\/en\/product\/sesion-energia-grupal-1\/","og_locale":"en_US","og_type":"article","og_title":"Sesi\u00f3n de Energ\u00eda Grupal 1 persona - Mariana Guerrero G","og_description":"Qu\u00e9 es la Sesi\u00f3n de Energia Grupal?  Una Sesi\u00f3n en Grupo donde el Gu\u00eda o Canalizador se conecta directamente a La Fuente y conecta al resto de los participantes. \u00a0En las Sesiones Grupales tenemos un objetivo o tema com\u00fan para trabajar, por ejemplo Abundancia, Pareja, o un tema de Salud. Una Sesi\u00f3n Grupal nos ayuda a elevar nuestra frecuencia gracias a la sinergia de todos los participantes, lo cual suele hacerla m\u00e1s potente.","og_url":"https:\/\/secretsforhealth.com\/en\/product\/sesion-energia-grupal-1\/","og_site_name":"Mariana Guerrero G","article_modified_time":"2024-12-15T20:50:59+00:00","og_image":[{"width":256,"height":256,"url":"https:\/\/secretsforhealth.com\/wp-content\/uploads\/2024\/12\/IMG_1565.jpeg","type":"image\/jpeg"}],"twitter_card":"summary_large_image","twitter_misc":{"Est. reading time":"1 minute"},"schema":{"@context":"https:\/\/schema.org","@graph":[{"@type":"WebPage","@id":"https:\/\/secretsforhealth.com\/producto\/sesion-energia-grupal-1\/","url":"https:\/\/secretsforhealth.com\/producto\/sesion-energia-grupal-1\/","name":"Sesi\u00f3n de Energ\u00eda Grupal 1 persona - Mariana Guerrero G","isPartOf":{"@id":"https:\/\/secretsforhealth.com\/#website"},"primaryImageOfPage":{"@id":"https:\/\/secretsforhealth.com\/producto\/sesion-energia-grupal-1\/#primaryimage"},"image":{"@id":"https:\/\/secretsforhealth.com\/producto\/sesion-energia-grupal-1\/#primaryimage"},"thumbnailUrl":"https:\/\/i0.wp.com\/secretsforhealth.com\/wp-content\/uploads\/2024\/12\/IMG_1565.jpeg?fit=256%2C256&ssl=1","datePublished":"2024-12-15T19:19:26+00:00","dateModified":"2024-12-15T20:50:59+00:00","breadcrumb":{"@id":"https:\/\/secretsforhealth.com\/producto\/sesion-energia-grupal-1\/#breadcrumb"},"inLanguage":"en-US","potentialAction":[{"@type":"ReadAction","target":["https:\/\/secretsforhealth.com\/producto\/sesion-energia-grupal-1\/"]}]},{"@type":"ImageObject","inLanguage":"en-US","@id":"https:\/\/secretsforhealth.com\/producto\/sesion-energia-grupal-1\/#primaryimage","url":"https:\/\/i0.wp.com\/secretsforhealth.com\/wp-content\/uploads\/2024\/12\/IMG_1565.jpeg?fit=256%2C256&ssl=1","contentUrl":"https:\/\/i0.wp.com\/secretsforhealth.com\/wp-content\/uploads\/2024\/12\/IMG_1565.jpeg?fit=256%2C256&ssl=1","width":256,"height":256},{"@type":"BreadcrumbList","@id":"https:\/\/secretsforhealth.com\/producto\/sesion-energia-grupal-1\/#breadcrumb","itemListElement":[{"@type":"ListItem","position":1,"name":"Portada","item":"https:\/\/secretsforhealth.com\/"},{"@type":"ListItem","position":2,"name":"Productos","item":"https:\/\/secretsforhealth.com\/tienda\/"},{"@type":"ListItem","position":3,"name":"Sesi\u00f3n de Energ\u00eda Grupal 1 persona"}]},{"@type":"WebSite","@id":"https:\/\/secretsforhealth.com\/#website","url":"https:\/\/secretsforhealth.com\/","name":"Mariana Guerrero G","description":"","potentialAction":[{"@type":"SearchAction","target":{"@type":"EntryPoint","urlTemplate":"https:\/\/secretsforhealth.com\/?s={search_term_string}"},"query-input":{"@type":"PropertyValueSpecification","valueRequired":true,"valueName":"search_term_string"}}],"inLanguage":"en-US"}]}},"jetpack_sharing_enabled":true,"_links":{"self":[{"href":"https:\/\/secretsforhealth.com\/en\/wp-json\/wp\/v2\/product\/1517","targetHints":{"allow":["GET"]}}],"collection":[{"href":"https:\/\/secretsforhealth.com\/en\/wp-json\/wp\/v2\/product"}],"about":[{"href":"https:\/\/secretsforhealth.com\/en\/wp-json\/wp\/v2\/types\/product"}],"replies":[{"embeddable":true,"href":"https:\/\/secretsforhealth.com\/en\/wp-json\/wp\/v2\/comments?post=1517"}],"wp:featuredmedia":[{"embeddable":true,"href":"https:\/\/secretsforhealth.com\/en\/wp-json\/wp\/v2\/media\/1518"}],"wp:attachment":[{"href":"https:\/\/secretsforhealth.com\/en\/wp-json\/wp\/v2\/media?parent=1517"}],"wp:term":[{"taxonomy":"product_brand","embeddable":true,"href":"https:\/\/secretsforhealth.com\/en\/wp-json\/wp\/v2\/product_brand?post=1517"},{"taxonomy":"product_cat","embeddable":true,"href":"https:\/\/secretsforhealth.com\/en\/wp-json\/wp\/v2\/product_cat?post=1517"},{"taxonomy":"product_tag","embeddable":true,"href":"https:\/\/secretsforhealth.com\/en\/wp-json\/wp\/v2\/product_tag?post=1517"}],"curies":[{"name":"wp","href":"https:\/\/api.w.org\/{rel}","templated":true}]}}