{"id":1667,"date":"2025-05-05T13:58:22","date_gmt":"2025-05-05T19:58:22","guid":{"rendered":"https:\/\/secretsforhealth.com\/?post_type=product&#038;p=1667"},"modified":"2025-05-05T14:00:17","modified_gmt":"2025-05-05T20:00:17","slug":"protocolo-de-chakras","status":"publish","type":"product","link":"https:\/\/secretsforhealth.com\/en\/product\/protocolo-de-chakras\/","title":{"rendered":"Chakra Protocol"},"content":{"rendered":"","protected":false},"excerpt":{"rendered":"<p>This protocol has a duration of 28 days where in an Offline way I work daily connected to the Source activating with mantras and symbols the 18 chakras that I connect with the layers of the earth, there are 7 physical and 11 extra-physical, to increase the connection to the consciousness, charge the body with energy to rest better, balance organs, clean cells, DNA, bring clarity, clean old wounds, open the third eye, manifest and bring a sense of well-being to the whole Being.<\/p>","protected":false},"featured_media":1668,"comment_status":"open","ping_status":"closed","template":"","meta":{"nf_dc_page":"","site-sidebar-layout":"default","site-content-layout":"","ast-site-content-layout":"default","site-content-style":"default","site-sidebar-style":"default","ast-global-header-display":"","ast-banner-title-visibility":"","ast-main-header-display":"","ast-hfb-above-header-display":"","ast-hfb-below-header-display":"","ast-hfb-mobile-header-display":"","site-post-title":"","ast-breadcrumbs-content":"","ast-featured-img":"","footer-sml-layout":"","ast-disable-related-posts":"","theme-transparent-header-meta":"default","adv-header-id-meta":"","stick-header-meta":"","header-above-stick-meta":"","header-main-stick-meta":"","header-below-stick-meta":"","astra-migrate-meta-layouts":"set","ast-page-background-enabled":"default","ast-page-background-meta":{"desktop":{"background-color":"var(--ast-global-color-4)","background-image":"","background-repeat":"repeat","background-position":"center center","background-size":"auto","background-attachment":"scroll","background-type":"","background-media":"","overlay-type":"","overlay-color":"","overlay-opacity":"","overlay-gradient":""},"tablet":{"background-color":"","background-image":"","background-repeat":"repeat","background-position":"center center","background-size":"auto","background-attachment":"scroll","background-type":"","background-media":"","overlay-type":"","overlay-color":"","overlay-opacity":"","overlay-gradient":""},"mobile":{"background-color":"","background-image":"","background-repeat":"repeat","background-position":"center center","background-size":"auto","background-attachment":"scroll","background-type":"","background-media":"","overlay-type":"","overlay-color":"","overlay-opacity":"","overlay-gradient":""}},"ast-content-background-meta":{"desktop":{"background-color":"var(--ast-global-color-5)","background-image":"","background-repeat":"repeat","background-position":"center center","background-size":"auto","background-attachment":"scroll","background-type":"","background-media":"","overlay-type":"","overlay-color":"","overlay-opacity":"","overlay-gradient":""},"tablet":{"background-color":"var(--ast-global-color-5)","background-image":"","background-repeat":"repeat","background-position":"center center","background-size":"auto","background-attachment":"scroll","background-type":"","background-media":"","overlay-type":"","overlay-color":"","overlay-opacity":"","overlay-gradient":""},"mobile":{"background-color":"var(--ast-global-color-5)","background-image":"","background-repeat":"repeat","background-position":"center center","background-size":"auto","background-attachment":"scroll","background-type":"","background-media":"","overlay-type":"","overlay-color":"","overlay-opacity":"","overlay-gradient":""}}},"product_brand":[],"product_cat":[20],"product_tag":[],"class_list":{"0":"post-1667","1":"product","2":"type-product","3":"status-publish","4":"has-post-thumbnail","6":"product_cat-sin-categorizar","7":"desktop-align-left","8":"tablet-align-left","9":"mobile-align-left","11":"first","12":"instock","13":"shipping-taxable","14":"purchasable","15":"product-type-simple"},"yoast_head":"<!-- This site is optimized with the Yoast SEO plugin v27.4 - https:\/\/yoast.com\/product\/yoast-seo-wordpress\/ -->\n<title>Protocolo de Chakras - Mariana Guerrero G<\/title>\n<meta name=\"robots\" content=\"index, follow, max-snippet:-1, max-image-preview:large, max-video-preview:-1\" \/>\n<link rel=\"canonical\" href=\"https:\/\/secretsforhealth.com\/en\/product\/protocolo-de-chakras\/\" \/>\n<meta property=\"og:locale\" content=\"en_US\" \/>\n<meta property=\"og:type\" content=\"article\" \/>\n<meta property=\"og:title\" content=\"Protocolo de Chakras - Mariana Guerrero G\" \/>\n<meta property=\"og:description\" content=\"Este protocolo tiene una duraci\u00f3n de 28 d\u00edas donde de manera Offline trabajo diariamente conectada a la Fuente activando con mantras y s\u00edmbolos los 18 chakras que conecto con las capas de la tierra, son 7 f\u00edsicos y 11 extra-f\u00edsicos, para aumentar la conexi\u00f3n a la consciencia, cargar el cuerpo de energ\u00eda para descansar mejor, equilibrar \u00f3rganos, limpiar c\u00e9lulas, ADN, traer claridad, limpiar viejas heridas, abrir el tercer ojo, manifestar y traer una sensaci\u00f3n de bienestar a todo el Ser.\" \/>\n<meta property=\"og:url\" content=\"https:\/\/secretsforhealth.com\/en\/product\/protocolo-de-chakras\/\" \/>\n<meta property=\"og:site_name\" content=\"Mariana Guerrero G\" \/>\n<meta property=\"article:modified_time\" content=\"2025-05-05T20:00:17+00:00\" \/>\n<meta property=\"og:image\" content=\"https:\/\/secretsforhealth.com\/wp-content\/uploads\/2025\/05\/protocolo-de-chakras.jpeg\" \/>\n\t<meta property=\"og:image:width\" content=\"1023\" \/>\n\t<meta property=\"og:image:height\" content=\"1177\" \/>\n\t<meta property=\"og:image:type\" content=\"image\/jpeg\" \/>\n<meta name=\"twitter:card\" content=\"summary_large_image\" \/>\n<meta name=\"twitter:label1\" content=\"Est. reading time\" \/>\n\t<meta name=\"twitter:data1\" content=\"1 minute\" \/>\n<script type=\"application\/ld+json\" class=\"yoast-schema-graph\">{\"@context\":\"https:\\\/\\\/schema.org\",\"@graph\":[{\"@type\":\"WebPage\",\"@id\":\"https:\\\/\\\/secretsforhealth.com\\\/producto\\\/protocolo-de-chakras\\\/\",\"url\":\"https:\\\/\\\/secretsforhealth.com\\\/producto\\\/protocolo-de-chakras\\\/\",\"name\":\"Protocolo de Chakras - Mariana Guerrero G\",\"isPartOf\":{\"@id\":\"https:\\\/\\\/secretsforhealth.com\\\/#website\"},\"primaryImageOfPage\":{\"@id\":\"https:\\\/\\\/secretsforhealth.com\\\/producto\\\/protocolo-de-chakras\\\/#primaryimage\"},\"image\":{\"@id\":\"https:\\\/\\\/secretsforhealth.com\\\/producto\\\/protocolo-de-chakras\\\/#primaryimage\"},\"thumbnailUrl\":\"https:\\\/\\\/i0.wp.com\\\/secretsforhealth.com\\\/wp-content\\\/uploads\\\/2025\\\/05\\\/protocolo-de-chakras.jpeg?fit=1023%2C1177&ssl=1\",\"datePublished\":\"2025-05-05T19:58:22+00:00\",\"dateModified\":\"2025-05-05T20:00:17+00:00\",\"breadcrumb\":{\"@id\":\"https:\\\/\\\/secretsforhealth.com\\\/producto\\\/protocolo-de-chakras\\\/#breadcrumb\"},\"inLanguage\":\"en-US\",\"potentialAction\":[{\"@type\":\"ReadAction\",\"target\":[\"https:\\\/\\\/secretsforhealth.com\\\/producto\\\/protocolo-de-chakras\\\/\"]}]},{\"@type\":\"ImageObject\",\"inLanguage\":\"en-US\",\"@id\":\"https:\\\/\\\/secretsforhealth.com\\\/producto\\\/protocolo-de-chakras\\\/#primaryimage\",\"url\":\"https:\\\/\\\/i0.wp.com\\\/secretsforhealth.com\\\/wp-content\\\/uploads\\\/2025\\\/05\\\/protocolo-de-chakras.jpeg?fit=1023%2C1177&ssl=1\",\"contentUrl\":\"https:\\\/\\\/i0.wp.com\\\/secretsforhealth.com\\\/wp-content\\\/uploads\\\/2025\\\/05\\\/protocolo-de-chakras.jpeg?fit=1023%2C1177&ssl=1\",\"width\":1023,\"height\":1177},{\"@type\":\"BreadcrumbList\",\"@id\":\"https:\\\/\\\/secretsforhealth.com\\\/producto\\\/protocolo-de-chakras\\\/#breadcrumb\",\"itemListElement\":[{\"@type\":\"ListItem\",\"position\":1,\"name\":\"Portada\",\"item\":\"https:\\\/\\\/secretsforhealth.com\\\/\"},{\"@type\":\"ListItem\",\"position\":2,\"name\":\"Productos\",\"item\":\"https:\\\/\\\/secretsforhealth.com\\\/tienda\\\/\"},{\"@type\":\"ListItem\",\"position\":3,\"name\":\"Protocolo de Chakras\"}]},{\"@type\":\"WebSite\",\"@id\":\"https:\\\/\\\/secretsforhealth.com\\\/#website\",\"url\":\"https:\\\/\\\/secretsforhealth.com\\\/\",\"name\":\"Mariana Guerrero G\",\"description\":\"\",\"potentialAction\":[{\"@type\":\"SearchAction\",\"target\":{\"@type\":\"EntryPoint\",\"urlTemplate\":\"https:\\\/\\\/secretsforhealth.com\\\/?s={search_term_string}\"},\"query-input\":{\"@type\":\"PropertyValueSpecification\",\"valueRequired\":true,\"valueName\":\"search_term_string\"}}],\"inLanguage\":\"en-US\"}]}<\/script>\n<!-- \/ Yoast SEO plugin. -->","yoast_head_json":{"title":"Protocolo de Chakras - Mariana Guerrero G","robots":{"index":"index","follow":"follow","max-snippet":"max-snippet:-1","max-image-preview":"max-image-preview:large","max-video-preview":"max-video-preview:-1"},"canonical":"https:\/\/secretsforhealth.com\/en\/product\/protocolo-de-chakras\/","og_locale":"en_US","og_type":"article","og_title":"Protocolo de Chakras - Mariana Guerrero G","og_description":"Este protocolo tiene una duraci\u00f3n de 28 d\u00edas donde de manera Offline trabajo diariamente conectada a la Fuente activando con mantras y s\u00edmbolos los 18 chakras que conecto con las capas de la tierra, son 7 f\u00edsicos y 11 extra-f\u00edsicos, para aumentar la conexi\u00f3n a la consciencia, cargar el cuerpo de energ\u00eda para descansar mejor, equilibrar \u00f3rganos, limpiar c\u00e9lulas, ADN, traer claridad, limpiar viejas heridas, abrir el tercer ojo, manifestar y traer una sensaci\u00f3n de bienestar a todo el Ser.","og_url":"https:\/\/secretsforhealth.com\/en\/product\/protocolo-de-chakras\/","og_site_name":"Mariana Guerrero G","article_modified_time":"2025-05-05T20:00:17+00:00","og_image":[{"width":1023,"height":1177,"url":"https:\/\/secretsforhealth.com\/wp-content\/uploads\/2025\/05\/protocolo-de-chakras.jpeg","type":"image\/jpeg"}],"twitter_card":"summary_large_image","twitter_misc":{"Est. reading time":"1 minute"},"schema":{"@context":"https:\/\/schema.org","@graph":[{"@type":"WebPage","@id":"https:\/\/secretsforhealth.com\/producto\/protocolo-de-chakras\/","url":"https:\/\/secretsforhealth.com\/producto\/protocolo-de-chakras\/","name":"Protocolo de Chakras - Mariana Guerrero G","isPartOf":{"@id":"https:\/\/secretsforhealth.com\/#website"},"primaryImageOfPage":{"@id":"https:\/\/secretsforhealth.com\/producto\/protocolo-de-chakras\/#primaryimage"},"image":{"@id":"https:\/\/secretsforhealth.com\/producto\/protocolo-de-chakras\/#primaryimage"},"thumbnailUrl":"https:\/\/i0.wp.com\/secretsforhealth.com\/wp-content\/uploads\/2025\/05\/protocolo-de-chakras.jpeg?fit=1023%2C1177&ssl=1","datePublished":"2025-05-05T19:58:22+00:00","dateModified":"2025-05-05T20:00:17+00:00","breadcrumb":{"@id":"https:\/\/secretsforhealth.com\/producto\/protocolo-de-chakras\/#breadcrumb"},"inLanguage":"en-US","potentialAction":[{"@type":"ReadAction","target":["https:\/\/secretsforhealth.com\/producto\/protocolo-de-chakras\/"]}]},{"@type":"ImageObject","inLanguage":"en-US","@id":"https:\/\/secretsforhealth.com\/producto\/protocolo-de-chakras\/#primaryimage","url":"https:\/\/i0.wp.com\/secretsforhealth.com\/wp-content\/uploads\/2025\/05\/protocolo-de-chakras.jpeg?fit=1023%2C1177&ssl=1","contentUrl":"https:\/\/i0.wp.com\/secretsforhealth.com\/wp-content\/uploads\/2025\/05\/protocolo-de-chakras.jpeg?fit=1023%2C1177&ssl=1","width":1023,"height":1177},{"@type":"BreadcrumbList","@id":"https:\/\/secretsforhealth.com\/producto\/protocolo-de-chakras\/#breadcrumb","itemListElement":[{"@type":"ListItem","position":1,"name":"Portada","item":"https:\/\/secretsforhealth.com\/"},{"@type":"ListItem","position":2,"name":"Productos","item":"https:\/\/secretsforhealth.com\/tienda\/"},{"@type":"ListItem","position":3,"name":"Protocolo de Chakras"}]},{"@type":"WebSite","@id":"https:\/\/secretsforhealth.com\/#website","url":"https:\/\/secretsforhealth.com\/","name":"Mariana Guerrero G","description":"","potentialAction":[{"@type":"SearchAction","target":{"@type":"EntryPoint","urlTemplate":"https:\/\/secretsforhealth.com\/?s={search_term_string}"},"query-input":{"@type":"PropertyValueSpecification","valueRequired":true,"valueName":"search_term_string"}}],"inLanguage":"en-US"}]}},"jetpack_sharing_enabled":true,"_links":{"self":[{"href":"https:\/\/secretsforhealth.com\/en\/wp-json\/wp\/v2\/product\/1667","targetHints":{"allow":["GET"]}}],"collection":[{"href":"https:\/\/secretsforhealth.com\/en\/wp-json\/wp\/v2\/product"}],"about":[{"href":"https:\/\/secretsforhealth.com\/en\/wp-json\/wp\/v2\/types\/product"}],"replies":[{"embeddable":true,"href":"https:\/\/secretsforhealth.com\/en\/wp-json\/wp\/v2\/comments?post=1667"}],"wp:featuredmedia":[{"embeddable":true,"href":"https:\/\/secretsforhealth.com\/en\/wp-json\/wp\/v2\/media\/1668"}],"wp:attachment":[{"href":"https:\/\/secretsforhealth.com\/en\/wp-json\/wp\/v2\/media?parent=1667"}],"wp:term":[{"taxonomy":"product_brand","embeddable":true,"href":"https:\/\/secretsforhealth.com\/en\/wp-json\/wp\/v2\/product_brand?post=1667"},{"taxonomy":"product_cat","embeddable":true,"href":"https:\/\/secretsforhealth.com\/en\/wp-json\/wp\/v2\/product_cat?post=1667"},{"taxonomy":"product_tag","embeddable":true,"href":"https:\/\/secretsforhealth.com\/en\/wp-json\/wp\/v2\/product_tag?post=1667"}],"curies":[{"name":"wp","href":"https:\/\/api.w.org\/{rel}","templated":true}]}}