{"id":997,"date":"2024-02-12T15:53:27","date_gmt":"2024-02-12T21:53:27","guid":{"rendered":"https:\/\/wordpress-972860-4312768.cloudwaysapps.com\/?post_type=product&#038;p=997"},"modified":"2024-02-15T14:01:32","modified_gmt":"2024-02-15T20:01:32","slug":"997","status":"publish","type":"product","link":"https:\/\/secretsforhealth.com\/en\/product\/997\/","title":{"rendered":"River Constellation"},"content":{"rendered":"<p><em data-redactor-tag=\"em\">DURATION: 1.5 to 3 hours approx.<\/em><\/p>\n<p><strong data-redactor-tag=\"strong\">What are River Constellations?<\/strong><\/p>\n<p>The River Constellations were developed by Juan Carlos Arias Quintana after years of study at the Hellinguer school, it is the only model of Constellations that does not belong to the Hellinger Shule that was looked upon with respect by Master Bert Hellinger himself. River Constellations, with its hydrosystemic theory, leads us to break loyalties, patterns or dynamics with the help of water since it contains all the memories of humanity.<\/p>\n<p><strong data-redactor-tag=\"strong\">What are the River Constellations like?<\/strong><\/p>\n<p>In a small inflatable pool the Constellator will place figurines that represent the Consultant's family system and the water will show, with movements of the figurines, where the loyalty or problems to work on are and then, with the help of the Constellator, we do the repair phrases. A Constellation can last approximately 1 to 3 hours.<\/p>\n<p><em data-redactor-tag=\"em\">Disclaimer: Secrets for Health and its practitioner Mariana Guerrero do not guarantee the results you may have with any of the techniques, the results of each person vary and may be very different from the testimonials.<\/em><\/p>\n<p><strong data-redactor-tag=\"strong\">Do you want to know more about the creators?<\/strong><\/p>\n<p><a href=\"https:\/\/www.constelacionesfluviales.com\/\">River Constellations - The wisdom of Water for your life<\/a><\/p>","protected":false},"excerpt":{"rendered":"<p><em data-redactor-tag=\"em\">DURATION: 1.5 to 3 hours approx.<\/em><\/p>\n<p><strong data-redactor-tag=\"strong\">What are River Constellations?<\/strong><\/p>\n<p>The River Constellations were developed by Juan Carlos Arias Quintana after years of study at the Hellinguer school, it is the only model of Constellations that does not belong to the Hellinger Shule that was looked upon with respect by Master Bert Hellinger himself. River Constellations, with its hydrosystemic theory, leads us to break loyalties, patterns or dynamics with the help of water since it contains all the memories of humanity.<\/p>\n<p><strong data-redactor-tag=\"strong\">What are the River Constellations like?<\/strong><\/p>\n<p>In a small inflatable pool the Constellator will place figurines that represent the Consultant's family system and the water will show, with movements of the figurines, where the loyalty or problems to work on are and then, with the help of the Constellator, we do the repair phrases. A Constellation can last approximately 1 to 3 hours.<\/p>\n<p><em data-redactor-tag=\"em\">Disclaimer: Secrets for Health and its practitioner Mariana Guerrero do not guarantee the results you may have with any of the techniques, the results of each person vary and may be very different from the testimonials.<\/em><\/p>\n<p><strong data-redactor-tag=\"strong\">Do you want to know more about the creators?<\/strong><\/p>\n<p><a href=\"https:\/\/www.constelacionesfluviales.com\/\">River Constellations - The wisdom of Water for your life<\/a><\/p>","protected":false},"featured_media":476,"comment_status":"open","ping_status":"closed","template":"","meta":{"nf_dc_page":"","site-sidebar-layout":"default","site-content-layout":"","ast-site-content-layout":"default","site-content-style":"default","site-sidebar-style":"default","ast-global-header-display":"","ast-banner-title-visibility":"","ast-main-header-display":"","ast-hfb-above-header-display":"","ast-hfb-below-header-display":"","ast-hfb-mobile-header-display":"","site-post-title":"","ast-breadcrumbs-content":"","ast-featured-img":"","footer-sml-layout":"","ast-disable-related-posts":"","theme-transparent-header-meta":"default","adv-header-id-meta":"","stick-header-meta":"","header-above-stick-meta":"","header-main-stick-meta":"","header-below-stick-meta":"","astra-migrate-meta-layouts":"set","ast-page-background-enabled":"default","ast-page-background-meta":{"desktop":{"background-color":"var(--ast-global-color-4)","background-image":"","background-repeat":"repeat","background-position":"center center","background-size":"auto","background-attachment":"scroll","background-type":"","background-media":"","overlay-type":"","overlay-color":"","overlay-opacity":"","overlay-gradient":""},"tablet":{"background-color":"","background-image":"","background-repeat":"repeat","background-position":"center center","background-size":"auto","background-attachment":"scroll","background-type":"","background-media":"","overlay-type":"","overlay-color":"","overlay-opacity":"","overlay-gradient":""},"mobile":{"background-color":"","background-image":"","background-repeat":"repeat","background-position":"center center","background-size":"auto","background-attachment":"scroll","background-type":"","background-media":"","overlay-type":"","overlay-color":"","overlay-opacity":"","overlay-gradient":""}},"ast-content-background-meta":{"desktop":{"background-color":"var(--ast-global-color-5)","background-image":"","background-repeat":"repeat","background-position":"center center","background-size":"auto","background-attachment":"scroll","background-type":"","background-media":"","overlay-type":"","overlay-color":"","overlay-opacity":"","overlay-gradient":""},"tablet":{"background-color":"var(--ast-global-color-5)","background-image":"","background-repeat":"repeat","background-position":"center center","background-size":"auto","background-attachment":"scroll","background-type":"","background-media":"","overlay-type":"","overlay-color":"","overlay-opacity":"","overlay-gradient":""},"mobile":{"background-color":"var(--ast-global-color-5)","background-image":"","background-repeat":"repeat","background-position":"center center","background-size":"auto","background-attachment":"scroll","background-type":"","background-media":"","overlay-type":"","overlay-color":"","overlay-opacity":"","overlay-gradient":""}}},"product_brand":[],"product_cat":[20],"product_tag":[],"class_list":{"0":"post-997","1":"product","2":"type-product","3":"status-publish","4":"has-post-thumbnail","6":"product_cat-sin-categorizar","7":"desktop-align-left","8":"tablet-align-left","9":"mobile-align-left","11":"first","12":"instock","13":"virtual","14":"purchasable","15":"product-type-simple"},"yoast_head":"<!-- This site is optimized with the Yoast SEO plugin v27.4 - https:\/\/yoast.com\/product\/yoast-seo-wordpress\/ -->\n<title>Constelaci\u00f3n Fluvial - Mariana Guerrero G<\/title>\n<meta name=\"robots\" content=\"index, follow, max-snippet:-1, max-image-preview:large, max-video-preview:-1\" \/>\n<link rel=\"canonical\" href=\"https:\/\/secretsforhealth.com\/en\/product\/997\/\" \/>\n<meta property=\"og:locale\" content=\"en_US\" \/>\n<meta property=\"og:type\" content=\"article\" \/>\n<meta property=\"og:title\" content=\"Constelaci\u00f3n Fluvial - Mariana Guerrero G\" \/>\n<meta property=\"og:description\" content=\"DURACI\u00d3N: 1.5 a 3 hrs aprox  Qu\u00e9 son las Constelaciones Fluviales?  Las Constelaciones Fluviales fueron desarrolladas por Juan Carlos Arias Quintana despu\u00e9s de a\u00f1os de estudio en la escuela de Hellinguer, es el \u00fanico modelo de Constelaciones que no pertenece a la Hellinger Shule que fue mirado con respeto por el propio Maestro Bert Hellinger. Constelaciones Fluviales, con su teor\u00eda hidrosist\u00e9mica, nos lleva a romper lealtades, patrones o din\u00e1micas con la ayuda del agua ya que \u00e9sta contiene todas las memorias de la humanidad.  Como son las Constelaciones Fluviales?  En una peque\u00f1a piscina inflable el Constelador pondr\u00e1 figurines que representan el sistema familiar del Consultante y el agua mostrar\u00e1, con movimientos de los figurines, donde esta la lealtad o problemas a trabajar y despu\u00e9s, con ayuda del Constelador, hacemos las frases de reparaci\u00f3n. Una Constelaci\u00f3n puede durar de 1 a 3 hrs aproximadamente.  Disclaimer: Secrets for Health y su practicante Mariana Guerrero no garantizan el resultado que puedas tener con cualquiera de las t\u00e9cnicas, los resultados de cada persona var\u00edan y pueden ser muy distintos a los testimoniales.  Quieres saber m\u00e1s sobre los creadores?  Constelaciones Fluviales \u2013 La sabidur\u00eda del Agua para tu vida\" \/>\n<meta property=\"og:url\" content=\"https:\/\/secretsforhealth.com\/en\/product\/997\/\" \/>\n<meta property=\"og:site_name\" content=\"Mariana Guerrero G\" \/>\n<meta property=\"article:modified_time\" content=\"2024-02-15T20:01:32+00:00\" \/>\n<meta property=\"og:image\" content=\"https:\/\/secretsforhealth.com\/wp-content\/uploads\/2023\/06\/constelaciones-fluviales.png\" \/>\n\t<meta property=\"og:image:width\" content=\"280\" \/>\n\t<meta property=\"og:image:height\" content=\"241\" \/>\n\t<meta property=\"og:image:type\" content=\"image\/png\" \/>\n<meta name=\"twitter:card\" content=\"summary_large_image\" \/>\n<meta name=\"twitter:label1\" content=\"Est. reading time\" \/>\n\t<meta name=\"twitter:data1\" content=\"2 minutes\" \/>\n<script type=\"application\/ld+json\" class=\"yoast-schema-graph\">{\"@context\":\"https:\\\/\\\/schema.org\",\"@graph\":[{\"@type\":\"WebPage\",\"@id\":\"https:\\\/\\\/secretsforhealth.com\\\/producto\\\/997\\\/\",\"url\":\"https:\\\/\\\/secretsforhealth.com\\\/producto\\\/997\\\/\",\"name\":\"Constelaci\u00f3n Fluvial - Mariana Guerrero G\",\"isPartOf\":{\"@id\":\"https:\\\/\\\/secretsforhealth.com\\\/#website\"},\"primaryImageOfPage\":{\"@id\":\"https:\\\/\\\/secretsforhealth.com\\\/producto\\\/997\\\/#primaryimage\"},\"image\":{\"@id\":\"https:\\\/\\\/secretsforhealth.com\\\/producto\\\/997\\\/#primaryimage\"},\"thumbnailUrl\":\"https:\\\/\\\/i0.wp.com\\\/secretsforhealth.com\\\/wp-content\\\/uploads\\\/2023\\\/06\\\/constelaciones-fluviales.png?fit=280%2C241&ssl=1\",\"datePublished\":\"2024-02-12T21:53:27+00:00\",\"dateModified\":\"2024-02-15T20:01:32+00:00\",\"breadcrumb\":{\"@id\":\"https:\\\/\\\/secretsforhealth.com\\\/producto\\\/997\\\/#breadcrumb\"},\"inLanguage\":\"en-US\",\"potentialAction\":[{\"@type\":\"ReadAction\",\"target\":[\"https:\\\/\\\/secretsforhealth.com\\\/producto\\\/997\\\/\"]}]},{\"@type\":\"ImageObject\",\"inLanguage\":\"en-US\",\"@id\":\"https:\\\/\\\/secretsforhealth.com\\\/producto\\\/997\\\/#primaryimage\",\"url\":\"https:\\\/\\\/i0.wp.com\\\/secretsforhealth.com\\\/wp-content\\\/uploads\\\/2023\\\/06\\\/constelaciones-fluviales.png?fit=280%2C241&ssl=1\",\"contentUrl\":\"https:\\\/\\\/i0.wp.com\\\/secretsforhealth.com\\\/wp-content\\\/uploads\\\/2023\\\/06\\\/constelaciones-fluviales.png?fit=280%2C241&ssl=1\",\"width\":280,\"height\":241},{\"@type\":\"BreadcrumbList\",\"@id\":\"https:\\\/\\\/secretsforhealth.com\\\/producto\\\/997\\\/#breadcrumb\",\"itemListElement\":[{\"@type\":\"ListItem\",\"position\":1,\"name\":\"Portada\",\"item\":\"https:\\\/\\\/secretsforhealth.com\\\/\"},{\"@type\":\"ListItem\",\"position\":2,\"name\":\"Productos\",\"item\":\"https:\\\/\\\/secretsforhealth.com\\\/tienda\\\/\"},{\"@type\":\"ListItem\",\"position\":3,\"name\":\"Constelaci\u00f3n Fluvial\"}]},{\"@type\":\"WebSite\",\"@id\":\"https:\\\/\\\/secretsforhealth.com\\\/#website\",\"url\":\"https:\\\/\\\/secretsforhealth.com\\\/\",\"name\":\"Mariana Guerrero G\",\"description\":\"\",\"potentialAction\":[{\"@type\":\"SearchAction\",\"target\":{\"@type\":\"EntryPoint\",\"urlTemplate\":\"https:\\\/\\\/secretsforhealth.com\\\/?s={search_term_string}\"},\"query-input\":{\"@type\":\"PropertyValueSpecification\",\"valueRequired\":true,\"valueName\":\"search_term_string\"}}],\"inLanguage\":\"en-US\"}]}<\/script>\n<!-- \/ Yoast SEO plugin. -->","yoast_head_json":{"title":"Constelaci\u00f3n Fluvial - Mariana Guerrero G","robots":{"index":"index","follow":"follow","max-snippet":"max-snippet:-1","max-image-preview":"max-image-preview:large","max-video-preview":"max-video-preview:-1"},"canonical":"https:\/\/secretsforhealth.com\/en\/product\/997\/","og_locale":"en_US","og_type":"article","og_title":"Constelaci\u00f3n Fluvial - Mariana Guerrero G","og_description":"DURACI\u00d3N: 1.5 a 3 hrs aprox  Qu\u00e9 son las Constelaciones Fluviales?  Las Constelaciones Fluviales fueron desarrolladas por Juan Carlos Arias Quintana despu\u00e9s de a\u00f1os de estudio en la escuela de Hellinguer, es el \u00fanico modelo de Constelaciones que no pertenece a la Hellinger Shule que fue mirado con respeto por el propio Maestro Bert Hellinger. Constelaciones Fluviales, con su teor\u00eda hidrosist\u00e9mica, nos lleva a romper lealtades, patrones o din\u00e1micas con la ayuda del agua ya que \u00e9sta contiene todas las memorias de la humanidad.  Como son las Constelaciones Fluviales?  En una peque\u00f1a piscina inflable el Constelador pondr\u00e1 figurines que representan el sistema familiar del Consultante y el agua mostrar\u00e1, con movimientos de los figurines, donde esta la lealtad o problemas a trabajar y despu\u00e9s, con ayuda del Constelador, hacemos las frases de reparaci\u00f3n. Una Constelaci\u00f3n puede durar de 1 a 3 hrs aproximadamente.  Disclaimer: Secrets for Health y su practicante Mariana Guerrero no garantizan el resultado que puedas tener con cualquiera de las t\u00e9cnicas, los resultados de cada persona var\u00edan y pueden ser muy distintos a los testimoniales.  Quieres saber m\u00e1s sobre los creadores?  Constelaciones Fluviales \u2013 La sabidur\u00eda del Agua para tu vida","og_url":"https:\/\/secretsforhealth.com\/en\/product\/997\/","og_site_name":"Mariana Guerrero G","article_modified_time":"2024-02-15T20:01:32+00:00","og_image":[{"width":280,"height":241,"url":"https:\/\/secretsforhealth.com\/wp-content\/uploads\/2023\/06\/constelaciones-fluviales.png","type":"image\/png"}],"twitter_card":"summary_large_image","twitter_misc":{"Est. reading time":"2 minutes"},"schema":{"@context":"https:\/\/schema.org","@graph":[{"@type":"WebPage","@id":"https:\/\/secretsforhealth.com\/producto\/997\/","url":"https:\/\/secretsforhealth.com\/producto\/997\/","name":"Constelaci\u00f3n Fluvial - Mariana Guerrero G","isPartOf":{"@id":"https:\/\/secretsforhealth.com\/#website"},"primaryImageOfPage":{"@id":"https:\/\/secretsforhealth.com\/producto\/997\/#primaryimage"},"image":{"@id":"https:\/\/secretsforhealth.com\/producto\/997\/#primaryimage"},"thumbnailUrl":"https:\/\/i0.wp.com\/secretsforhealth.com\/wp-content\/uploads\/2023\/06\/constelaciones-fluviales.png?fit=280%2C241&ssl=1","datePublished":"2024-02-12T21:53:27+00:00","dateModified":"2024-02-15T20:01:32+00:00","breadcrumb":{"@id":"https:\/\/secretsforhealth.com\/producto\/997\/#breadcrumb"},"inLanguage":"en-US","potentialAction":[{"@type":"ReadAction","target":["https:\/\/secretsforhealth.com\/producto\/997\/"]}]},{"@type":"ImageObject","inLanguage":"en-US","@id":"https:\/\/secretsforhealth.com\/producto\/997\/#primaryimage","url":"https:\/\/i0.wp.com\/secretsforhealth.com\/wp-content\/uploads\/2023\/06\/constelaciones-fluviales.png?fit=280%2C241&ssl=1","contentUrl":"https:\/\/i0.wp.com\/secretsforhealth.com\/wp-content\/uploads\/2023\/06\/constelaciones-fluviales.png?fit=280%2C241&ssl=1","width":280,"height":241},{"@type":"BreadcrumbList","@id":"https:\/\/secretsforhealth.com\/producto\/997\/#breadcrumb","itemListElement":[{"@type":"ListItem","position":1,"name":"Portada","item":"https:\/\/secretsforhealth.com\/"},{"@type":"ListItem","position":2,"name":"Productos","item":"https:\/\/secretsforhealth.com\/tienda\/"},{"@type":"ListItem","position":3,"name":"Constelaci\u00f3n Fluvial"}]},{"@type":"WebSite","@id":"https:\/\/secretsforhealth.com\/#website","url":"https:\/\/secretsforhealth.com\/","name":"Mariana Guerrero G","description":"","potentialAction":[{"@type":"SearchAction","target":{"@type":"EntryPoint","urlTemplate":"https:\/\/secretsforhealth.com\/?s={search_term_string}"},"query-input":{"@type":"PropertyValueSpecification","valueRequired":true,"valueName":"search_term_string"}}],"inLanguage":"en-US"}]}},"jetpack_sharing_enabled":true,"_links":{"self":[{"href":"https:\/\/secretsforhealth.com\/en\/wp-json\/wp\/v2\/product\/997","targetHints":{"allow":["GET"]}}],"collection":[{"href":"https:\/\/secretsforhealth.com\/en\/wp-json\/wp\/v2\/product"}],"about":[{"href":"https:\/\/secretsforhealth.com\/en\/wp-json\/wp\/v2\/types\/product"}],"replies":[{"embeddable":true,"href":"https:\/\/secretsforhealth.com\/en\/wp-json\/wp\/v2\/comments?post=997"}],"wp:featuredmedia":[{"embeddable":true,"href":"https:\/\/secretsforhealth.com\/en\/wp-json\/wp\/v2\/media\/476"}],"wp:attachment":[{"href":"https:\/\/secretsforhealth.com\/en\/wp-json\/wp\/v2\/media?parent=997"}],"wp:term":[{"taxonomy":"product_brand","embeddable":true,"href":"https:\/\/secretsforhealth.com\/en\/wp-json\/wp\/v2\/product_brand?post=997"},{"taxonomy":"product_cat","embeddable":true,"href":"https:\/\/secretsforhealth.com\/en\/wp-json\/wp\/v2\/product_cat?post=997"},{"taxonomy":"product_tag","embeddable":true,"href":"https:\/\/secretsforhealth.com\/en\/wp-json\/wp\/v2\/product_tag?post=997"}],"curies":[{"name":"wp","href":"https:\/\/api.w.org\/{rel}","templated":true}]}}