{"id":998,"date":"2024-02-12T15:58:22","date_gmt":"2024-02-12T21:58:22","guid":{"rendered":"https:\/\/wordpress-972860-4312768.cloudwaysapps.com\/?post_type=product&#038;p=998"},"modified":"2024-02-15T14:01:03","modified_gmt":"2024-02-15T20:01:03","slug":"emotion-code-body-code-belief-code","status":"publish","type":"product","link":"https:\/\/secretsforhealth.com\/en\/product\/emotion-code-body-code-belief-code\/","title":{"rendered":"Emotion Code\/Body Code\/Belief Code"},"content":{"rendered":"<p><em data-redactor-tag=\"em\">SESSION DURATION: 40 MIN<\/em><\/p>\n<p><em data-redactor-tag=\"em\"><br \/>\n<\/em><strong data-redactor-tag=\"strong\">What are Emotion, Body &amp; Belief Code?<br \/>\n<\/strong>It is a holistic method created by Dr. Bradley Nelson, which proposes that intense emotions that the body cannot process remain lodged in it, helping to block the flow of energy and can cause various physical, mental and emotional problems, and releasing them can Help the body find balance.<\/p>\n<p>During the session the Practitioner will ask questions that the recipient's subconscious mind will answer through a pendulum or kinesiology and in this way will be able to identify emotions, beliefs or imbalances in the body in order to release them and contribute to its balance.<\/p>\n<p><strong data-redactor-tag=\"strong\">Does it work remotely?<br \/>\n<\/strong>Energy transcends distance, the opening of the Receiver and the intention of the Practitioner is enough to carry out a session, since a subtle energy connection is established between the two, which allows them to find and release no matter where they are.<\/p>\n<p><strong data-redactor-tag=\"strong\">How is the session carried out?<br \/>\n<\/strong>Once your payment has been made, contact us by WhatsApp to make the appointment and on the agreed day and time you will receive a link for a video call. It can also be done by phone, or if you cannot attend simply with your permission, name, photo and age. For minors, work is done through their parents or family members with their parents' authorization.<\/p>\n<p><em data-redactor-tag=\"em\">Disclaimer: Secrets for Health and its practitioner Mariana Guerrero do not guarantee the results you may have with any of the techniques, the results of each person vary and may be very different from the testimonials.<\/em><\/p>\n<p><strong data-redactor-tag=\"strong\">Do you want to know more about the creators?<\/strong><\/p>\n<p><a href=\"https:\/\/discoverhealing.com\/\">Discover Energy Healing with The Emotion Code\u00ae | Discover Healing<\/a><\/p>","protected":false},"excerpt":{"rendered":"<p><em data-redactor-tag=\"em\">SESSION DURATION: 40 MIN<\/em><\/p>\n<p><em data-redactor-tag=\"em\"><br \/>\n<\/em><strong data-redactor-tag=\"strong\">What are Emotion, Body &amp; Belief Code?<br \/>\n<\/strong>It is a holistic method created by Dr. Bradley Nelson, which proposes that intense emotions that the body cannot process remain lodged in it, helping to block the flow of energy and can cause various physical, mental and emotional problems, and releasing them can Help the body find balance.<\/p>\n<p>During the session the Practitioner will ask questions that the recipient's subconscious mind will answer through a pendulum or kinesiology and in this way will be able to identify emotions, beliefs or imbalances in the body in order to release them and contribute to its balance.<\/p>\n<p><strong data-redactor-tag=\"strong\">Does it work remotely?<br \/>\n<\/strong>Energy transcends distance, the opening of the Receiver and the intention of the Practitioner is enough to carry out a session, since a subtle energy connection is established between the two, which allows them to find and release no matter where they are.<\/p>\n<p><strong data-redactor-tag=\"strong\">How is the session carried out?<br \/>\n<\/strong>Once your payment has been made, contact us by WhatsApp to make the appointment and on the agreed day and time you will receive a link for a video call. It can also be done by phone, or if you cannot attend simply with your permission, name, photo and age. For minors, work is done through their parents or family members with their parents' authorization.<\/p>\n<p><em data-redactor-tag=\"em\">Disclaimer: Secrets for Health and its practitioner Mariana Guerrero do not guarantee the results you may have with any of the techniques, the results of each person vary and may be very different from the testimonials.<\/em><\/p>\n<p><strong data-redactor-tag=\"strong\">Do you want to know more about the creators?<\/strong><\/p>\n<p><a href=\"https:\/\/discoverhealing.com\/\">Discover Energy Healing with The Emotion Code\u00ae | Discover Healing<\/a><\/p>","protected":false},"featured_media":825,"comment_status":"open","ping_status":"closed","template":"","meta":{"nf_dc_page":"","site-sidebar-layout":"default","site-content-layout":"","ast-site-content-layout":"default","site-content-style":"default","site-sidebar-style":"default","ast-global-header-display":"","ast-banner-title-visibility":"","ast-main-header-display":"","ast-hfb-above-header-display":"","ast-hfb-below-header-display":"","ast-hfb-mobile-header-display":"","site-post-title":"","ast-breadcrumbs-content":"","ast-featured-img":"","footer-sml-layout":"","ast-disable-related-posts":"","theme-transparent-header-meta":"default","adv-header-id-meta":"","stick-header-meta":"","header-above-stick-meta":"","header-main-stick-meta":"","header-below-stick-meta":"","astra-migrate-meta-layouts":"set","ast-page-background-enabled":"default","ast-page-background-meta":{"desktop":{"background-color":"var(--ast-global-color-4)","background-image":"","background-repeat":"repeat","background-position":"center center","background-size":"auto","background-attachment":"scroll","background-type":"","background-media":"","overlay-type":"","overlay-color":"","overlay-opacity":"","overlay-gradient":""},"tablet":{"background-color":"","background-image":"","background-repeat":"repeat","background-position":"center center","background-size":"auto","background-attachment":"scroll","background-type":"","background-media":"","overlay-type":"","overlay-color":"","overlay-opacity":"","overlay-gradient":""},"mobile":{"background-color":"","background-image":"","background-repeat":"repeat","background-position":"center center","background-size":"auto","background-attachment":"scroll","background-type":"","background-media":"","overlay-type":"","overlay-color":"","overlay-opacity":"","overlay-gradient":""}},"ast-content-background-meta":{"desktop":{"background-color":"var(--ast-global-color-5)","background-image":"","background-repeat":"repeat","background-position":"center center","background-size":"auto","background-attachment":"scroll","background-type":"","background-media":"","overlay-type":"","overlay-color":"","overlay-opacity":"","overlay-gradient":""},"tablet":{"background-color":"var(--ast-global-color-5)","background-image":"","background-repeat":"repeat","background-position":"center center","background-size":"auto","background-attachment":"scroll","background-type":"","background-media":"","overlay-type":"","overlay-color":"","overlay-opacity":"","overlay-gradient":""},"mobile":{"background-color":"var(--ast-global-color-5)","background-image":"","background-repeat":"repeat","background-position":"center center","background-size":"auto","background-attachment":"scroll","background-type":"","background-media":"","overlay-type":"","overlay-color":"","overlay-opacity":"","overlay-gradient":""}}},"product_brand":[],"product_cat":[20],"product_tag":[],"class_list":{"0":"post-998","1":"product","2":"type-product","3":"status-publish","4":"has-post-thumbnail","6":"product_cat-sin-categorizar","7":"desktop-align-left","8":"tablet-align-left","9":"mobile-align-left","11":"first","12":"instock","13":"virtual","14":"purchasable","15":"product-type-simple"},"yoast_head":"<!-- This site is optimized with the Yoast SEO plugin v27.4 - https:\/\/yoast.com\/product\/yoast-seo-wordpress\/ -->\n<title>Emotion Code\/Body Code\/Belief Code - Mariana Guerrero G<\/title>\n<meta name=\"robots\" content=\"index, follow, max-snippet:-1, max-image-preview:large, max-video-preview:-1\" \/>\n<link rel=\"canonical\" href=\"https:\/\/secretsforhealth.com\/en\/product\/emotion-code-body-code-belief-code\/\" \/>\n<meta property=\"og:locale\" content=\"en_US\" \/>\n<meta property=\"og:type\" content=\"article\" \/>\n<meta property=\"og:title\" content=\"Emotion Code\/Body Code\/Belief Code - Mariana Guerrero G\" \/>\n<meta property=\"og:description\" content=\"DURACI\u00d3N DE LA SESION: 40 MIN   Qu\u00e9 son Emotion, Body &amp; Belief Code? Es un m\u00e9todo hol\u00edstico creado por el Dr. Bradley Nelson, que propone que las emociones intensas que el cuerpo no puede procesar se quedan alojadas en \u00e9l, contribuyendo a bloquear el flujo de energ\u00eda pudiendo causar diversos problemas f\u00edsicos, mentales y emocionales, que liberarlas puede ayudar al cuerpo a encontrar un balance.  Durante la sesi\u00f3n el Practicante har\u00e1 preguntas que la mente subconsciente del receptor responder\u00e1 atrav\u00e9s de un p\u00e9ndulo o kinesiolog\u00eda y de esta manera podr\u00e1 identificar las emociones, creencias o desbalances en el cuerpo para poder liberarlos y contribuir a su equilibrio.  Funciona a distancia? La energ\u00eda trasciende la distancia, la apertura del Receptor y la intenci\u00f3n del Practicante es suficiente para realizar una sesi\u00f3n, ya que se establece una conexi\u00f3n de energ\u00eda sutil entre ambos lo que permite encontrar y liberar sin importar donde se encuentren.  Como se lleva a Cabo la sesion? Una vez realizado tu pago contactanos por whatsapp para concertar la cita y el d\u00eda y la hora acordados recibir\u00e1s una liga para videollamada. Tambi\u00e9n puede realizarse, por tel\u00e9fono, o si no puedes asistir simplemente con el permiso, nombre, una foto y la edad. Para los menores de edad se trabaja atrav\u00e9s de sus pap\u00e1s o familiar con autorizaci\u00f3n de sus padres.  Disclaimer: Secrets for Health y su practicante Mariana Guerrero no garantizan el resultado que puedas tener con cualquiera de las t\u00e9cnicas, los resultados de cada persona var\u00edan y pueden ser muy distintos a los testimoniales.  Quieres saber m\u00e1s sobre los creadores?  Discover Energy Healing with The Emotion Code\u00ae | Discover Healing\" \/>\n<meta property=\"og:url\" content=\"https:\/\/secretsforhealth.com\/en\/product\/emotion-code-body-code-belief-code\/\" \/>\n<meta property=\"og:site_name\" content=\"Mariana Guerrero G\" \/>\n<meta property=\"article:modified_time\" content=\"2024-02-15T20:01:03+00:00\" \/>\n<meta property=\"og:image\" content=\"https:\/\/secretsforhealth.com\/wp-content\/uploads\/2023\/07\/bodycode-imagen-tienda-inicio.png\" \/>\n\t<meta property=\"og:image:width\" content=\"282\" \/>\n\t<meta property=\"og:image:height\" content=\"237\" \/>\n\t<meta property=\"og:image:type\" content=\"image\/png\" \/>\n<meta name=\"twitter:card\" content=\"summary_large_image\" \/>\n<meta name=\"twitter:label1\" content=\"Est. reading time\" \/>\n\t<meta name=\"twitter:data1\" content=\"2 minutes\" \/>\n<script type=\"application\/ld+json\" class=\"yoast-schema-graph\">{\"@context\":\"https:\\\/\\\/schema.org\",\"@graph\":[{\"@type\":\"WebPage\",\"@id\":\"https:\\\/\\\/secretsforhealth.com\\\/producto\\\/emotion-code-body-code-belief-code\\\/\",\"url\":\"https:\\\/\\\/secretsforhealth.com\\\/producto\\\/emotion-code-body-code-belief-code\\\/\",\"name\":\"Emotion Code\\\/Body Code\\\/Belief Code - Mariana Guerrero G\",\"isPartOf\":{\"@id\":\"https:\\\/\\\/secretsforhealth.com\\\/#website\"},\"primaryImageOfPage\":{\"@id\":\"https:\\\/\\\/secretsforhealth.com\\\/producto\\\/emotion-code-body-code-belief-code\\\/#primaryimage\"},\"image\":{\"@id\":\"https:\\\/\\\/secretsforhealth.com\\\/producto\\\/emotion-code-body-code-belief-code\\\/#primaryimage\"},\"thumbnailUrl\":\"https:\\\/\\\/i0.wp.com\\\/secretsforhealth.com\\\/wp-content\\\/uploads\\\/2023\\\/07\\\/bodycode-imagen-tienda-inicio.png?fit=282%2C237&ssl=1\",\"datePublished\":\"2024-02-12T21:58:22+00:00\",\"dateModified\":\"2024-02-15T20:01:03+00:00\",\"breadcrumb\":{\"@id\":\"https:\\\/\\\/secretsforhealth.com\\\/producto\\\/emotion-code-body-code-belief-code\\\/#breadcrumb\"},\"inLanguage\":\"en-US\",\"potentialAction\":[{\"@type\":\"ReadAction\",\"target\":[\"https:\\\/\\\/secretsforhealth.com\\\/producto\\\/emotion-code-body-code-belief-code\\\/\"]}]},{\"@type\":\"ImageObject\",\"inLanguage\":\"en-US\",\"@id\":\"https:\\\/\\\/secretsforhealth.com\\\/producto\\\/emotion-code-body-code-belief-code\\\/#primaryimage\",\"url\":\"https:\\\/\\\/i0.wp.com\\\/secretsforhealth.com\\\/wp-content\\\/uploads\\\/2023\\\/07\\\/bodycode-imagen-tienda-inicio.png?fit=282%2C237&ssl=1\",\"contentUrl\":\"https:\\\/\\\/i0.wp.com\\\/secretsforhealth.com\\\/wp-content\\\/uploads\\\/2023\\\/07\\\/bodycode-imagen-tienda-inicio.png?fit=282%2C237&ssl=1\",\"width\":282,\"height\":237},{\"@type\":\"BreadcrumbList\",\"@id\":\"https:\\\/\\\/secretsforhealth.com\\\/producto\\\/emotion-code-body-code-belief-code\\\/#breadcrumb\",\"itemListElement\":[{\"@type\":\"ListItem\",\"position\":1,\"name\":\"Portada\",\"item\":\"https:\\\/\\\/secretsforhealth.com\\\/\"},{\"@type\":\"ListItem\",\"position\":2,\"name\":\"Productos\",\"item\":\"https:\\\/\\\/secretsforhealth.com\\\/tienda\\\/\"},{\"@type\":\"ListItem\",\"position\":3,\"name\":\"Emotion Code\\\/Body Code\\\/Belief Code\"}]},{\"@type\":\"WebSite\",\"@id\":\"https:\\\/\\\/secretsforhealth.com\\\/#website\",\"url\":\"https:\\\/\\\/secretsforhealth.com\\\/\",\"name\":\"Mariana Guerrero G\",\"description\":\"\",\"potentialAction\":[{\"@type\":\"SearchAction\",\"target\":{\"@type\":\"EntryPoint\",\"urlTemplate\":\"https:\\\/\\\/secretsforhealth.com\\\/?s={search_term_string}\"},\"query-input\":{\"@type\":\"PropertyValueSpecification\",\"valueRequired\":true,\"valueName\":\"search_term_string\"}}],\"inLanguage\":\"en-US\"}]}<\/script>\n<!-- \/ Yoast SEO plugin. -->","yoast_head_json":{"title":"Emotion Code\/Body Code\/Belief Code - Mariana Guerrero G","robots":{"index":"index","follow":"follow","max-snippet":"max-snippet:-1","max-image-preview":"max-image-preview:large","max-video-preview":"max-video-preview:-1"},"canonical":"https:\/\/secretsforhealth.com\/en\/product\/emotion-code-body-code-belief-code\/","og_locale":"en_US","og_type":"article","og_title":"Emotion Code\/Body Code\/Belief Code - Mariana Guerrero G","og_description":"DURACI\u00d3N DE LA SESION: 40 MIN   Qu\u00e9 son Emotion, Body &amp; Belief Code? Es un m\u00e9todo hol\u00edstico creado por el Dr. Bradley Nelson, que propone que las emociones intensas que el cuerpo no puede procesar se quedan alojadas en \u00e9l, contribuyendo a bloquear el flujo de energ\u00eda pudiendo causar diversos problemas f\u00edsicos, mentales y emocionales, que liberarlas puede ayudar al cuerpo a encontrar un balance.  Durante la sesi\u00f3n el Practicante har\u00e1 preguntas que la mente subconsciente del receptor responder\u00e1 atrav\u00e9s de un p\u00e9ndulo o kinesiolog\u00eda y de esta manera podr\u00e1 identificar las emociones, creencias o desbalances en el cuerpo para poder liberarlos y contribuir a su equilibrio.  Funciona a distancia? La energ\u00eda trasciende la distancia, la apertura del Receptor y la intenci\u00f3n del Practicante es suficiente para realizar una sesi\u00f3n, ya que se establece una conexi\u00f3n de energ\u00eda sutil entre ambos lo que permite encontrar y liberar sin importar donde se encuentren.  Como se lleva a Cabo la sesion? Una vez realizado tu pago contactanos por whatsapp para concertar la cita y el d\u00eda y la hora acordados recibir\u00e1s una liga para videollamada. Tambi\u00e9n puede realizarse, por tel\u00e9fono, o si no puedes asistir simplemente con el permiso, nombre, una foto y la edad. Para los menores de edad se trabaja atrav\u00e9s de sus pap\u00e1s o familiar con autorizaci\u00f3n de sus padres.  Disclaimer: Secrets for Health y su practicante Mariana Guerrero no garantizan el resultado que puedas tener con cualquiera de las t\u00e9cnicas, los resultados de cada persona var\u00edan y pueden ser muy distintos a los testimoniales.  Quieres saber m\u00e1s sobre los creadores?  Discover Energy Healing with The Emotion Code\u00ae | Discover Healing","og_url":"https:\/\/secretsforhealth.com\/en\/product\/emotion-code-body-code-belief-code\/","og_site_name":"Mariana Guerrero G","article_modified_time":"2024-02-15T20:01:03+00:00","og_image":[{"width":282,"height":237,"url":"https:\/\/secretsforhealth.com\/wp-content\/uploads\/2023\/07\/bodycode-imagen-tienda-inicio.png","type":"image\/png"}],"twitter_card":"summary_large_image","twitter_misc":{"Est. reading time":"2 minutes"},"schema":{"@context":"https:\/\/schema.org","@graph":[{"@type":"WebPage","@id":"https:\/\/secretsforhealth.com\/producto\/emotion-code-body-code-belief-code\/","url":"https:\/\/secretsforhealth.com\/producto\/emotion-code-body-code-belief-code\/","name":"Emotion Code\/Body Code\/Belief Code - Mariana Guerrero G","isPartOf":{"@id":"https:\/\/secretsforhealth.com\/#website"},"primaryImageOfPage":{"@id":"https:\/\/secretsforhealth.com\/producto\/emotion-code-body-code-belief-code\/#primaryimage"},"image":{"@id":"https:\/\/secretsforhealth.com\/producto\/emotion-code-body-code-belief-code\/#primaryimage"},"thumbnailUrl":"https:\/\/i0.wp.com\/secretsforhealth.com\/wp-content\/uploads\/2023\/07\/bodycode-imagen-tienda-inicio.png?fit=282%2C237&ssl=1","datePublished":"2024-02-12T21:58:22+00:00","dateModified":"2024-02-15T20:01:03+00:00","breadcrumb":{"@id":"https:\/\/secretsforhealth.com\/producto\/emotion-code-body-code-belief-code\/#breadcrumb"},"inLanguage":"en-US","potentialAction":[{"@type":"ReadAction","target":["https:\/\/secretsforhealth.com\/producto\/emotion-code-body-code-belief-code\/"]}]},{"@type":"ImageObject","inLanguage":"en-US","@id":"https:\/\/secretsforhealth.com\/producto\/emotion-code-body-code-belief-code\/#primaryimage","url":"https:\/\/i0.wp.com\/secretsforhealth.com\/wp-content\/uploads\/2023\/07\/bodycode-imagen-tienda-inicio.png?fit=282%2C237&ssl=1","contentUrl":"https:\/\/i0.wp.com\/secretsforhealth.com\/wp-content\/uploads\/2023\/07\/bodycode-imagen-tienda-inicio.png?fit=282%2C237&ssl=1","width":282,"height":237},{"@type":"BreadcrumbList","@id":"https:\/\/secretsforhealth.com\/producto\/emotion-code-body-code-belief-code\/#breadcrumb","itemListElement":[{"@type":"ListItem","position":1,"name":"Portada","item":"https:\/\/secretsforhealth.com\/"},{"@type":"ListItem","position":2,"name":"Productos","item":"https:\/\/secretsforhealth.com\/tienda\/"},{"@type":"ListItem","position":3,"name":"Emotion Code\/Body Code\/Belief Code"}]},{"@type":"WebSite","@id":"https:\/\/secretsforhealth.com\/#website","url":"https:\/\/secretsforhealth.com\/","name":"Mariana Guerrero G","description":"","potentialAction":[{"@type":"SearchAction","target":{"@type":"EntryPoint","urlTemplate":"https:\/\/secretsforhealth.com\/?s={search_term_string}"},"query-input":{"@type":"PropertyValueSpecification","valueRequired":true,"valueName":"search_term_string"}}],"inLanguage":"en-US"}]}},"jetpack_sharing_enabled":true,"_links":{"self":[{"href":"https:\/\/secretsforhealth.com\/en\/wp-json\/wp\/v2\/product\/998","targetHints":{"allow":["GET"]}}],"collection":[{"href":"https:\/\/secretsforhealth.com\/en\/wp-json\/wp\/v2\/product"}],"about":[{"href":"https:\/\/secretsforhealth.com\/en\/wp-json\/wp\/v2\/types\/product"}],"replies":[{"embeddable":true,"href":"https:\/\/secretsforhealth.com\/en\/wp-json\/wp\/v2\/comments?post=998"}],"wp:featuredmedia":[{"embeddable":true,"href":"https:\/\/secretsforhealth.com\/en\/wp-json\/wp\/v2\/media\/825"}],"wp:attachment":[{"href":"https:\/\/secretsforhealth.com\/en\/wp-json\/wp\/v2\/media?parent=998"}],"wp:term":[{"taxonomy":"product_brand","embeddable":true,"href":"https:\/\/secretsforhealth.com\/en\/wp-json\/wp\/v2\/product_brand?post=998"},{"taxonomy":"product_cat","embeddable":true,"href":"https:\/\/secretsforhealth.com\/en\/wp-json\/wp\/v2\/product_cat?post=998"},{"taxonomy":"product_tag","embeddable":true,"href":"https:\/\/secretsforhealth.com\/en\/wp-json\/wp\/v2\/product_tag?post=998"}],"curies":[{"name":"wp","href":"https:\/\/api.w.org\/{rel}","templated":true}]}}